{"id":4537,"date":"2020-07-13T13:54:40","date_gmt":"2020-07-13T11:54:40","guid":{"rendered":"https:\/\/www.fincaelquinto.de\/?page_id=4537"},"modified":"2020-07-14T17:49:33","modified_gmt":"2020-07-14T15:49:33","slug":"contacto","status":"publish","type":"page","link":"https:\/\/www.fincaelquinto.de\/es\/contacto\/","title":{"rendered":"Contacto"},"content":{"rendered":"<p>[et_pb_section fb_built=\u00bb1&#8243; module_id=\u00bbglobal-header-section\u00bb _builder_version=\u00bb4.0.11&#8243; background_color=\u00bb#ffffff\u00bb background_enable_image=\u00bboff\u00bb width=\u00bb100%\u00bb min_height=\u00bb98px\u00bb custom_margin=\u00bb||-4px|||\u00bb custom_padding=\u00bb2vw||0vw||false|false\u00bb z_index=\u00bb99999&#8243; custom_css_main_element=\u00bbposition: fixed;||top: 0;\u00bb box_shadow_style=\u00bbpreset1&#8243; box_shadow_blur=\u00bb50px\u00bb box_shadow_color=\u00bbrgba(0,0,0,0.08)\u00bb][et_pb_row make_equal=\u00bbon\u00bb _builder_version=\u00bb4.0.11&#8243; background_color=\u00bb#ffffff\u00bb background_image=\u00bbhttps:\/\/www.fincaelquinto.de\/wp-content\/uploads\/2018\/05\/logo-e1567160880241.png\u00bb background_size=\u00bbcontain\u00bb background_position=\u00bbcenter_left\u00bb width=\u00bb87%\u00bb max_width=\u00bb100%\u00bb custom_padding=\u00bb0px||0px||false|false\u00bb link_option_url=\u00bbwww.fincaelquinto.de\u00bb custom_css_main_element=\u00bbdisplay: flex;||align-items: center;\u00bb][et_pb_column type=\u00bb4_4&#8243; _builder_version=\u00bb4.0.11&#8243;][et_pb_menu menu_id=\u00bb10&#8243; menu_style=\u00bbcentered\u00bb active_link_color=\u00bb#c2ab92&#8243; dropdown_menu_bg_color=\u00bbrgba(0,0,0,0.46)\u00bb dropdown_menu_line_color=\u00bb#000000&#8243; dropdown_menu_text_color=\u00bb#ffffff\u00bb mobile_menu_bg_color=\u00bbrgba(0,0,0,0.56)\u00bb mobile_menu_text_color=\u00bb#ffffff\u00bb logo_max_width=\u00bb41%\u00bb menu_icon_color=\u00bb#000000&#8243; logo_max_width_tablet=\u00bb\u00bb logo_max_width_phone=\u00bb\u00bb logo_max_width_last_edited=\u00bbon|desktop\u00bb _builder_version=\u00bb4.0.11&#8243; menu_font=\u00bbCormorant Garamond||||||||\u00bb menu_text_color=\u00bb#000000&#8243; menu_font_size=\u00bb23px\u00bb menu_line_height=\u00bb1vw\u00bb background_enable_color=\u00bboff\u00bb width=\u00bb100%\u00bb custom_margin=\u00bb||9px||false|false\u00bb custom_padding=\u00bb|0px||0px|false|false\u00bb menu_font_size_last_edited=\u00bboff|phone\u00bb menu_text_color__hover_enabled=\u00bbon|hover\u00bb menu_text_color__hover=\u00bb#c2ab92&#8243;][\/et_pb_menu][et_pb_social_media_follow icon_color=\u00bb#000000&#8243; _builder_version=\u00bb4.0.11&#8243; text_orientation=\u00bbcenter\u00bb custom_margin=\u00bb||1px|||\u00bb custom_padding=\u00bb|0px||||\u00bb border_radii=\u00bbon|0px|0px|0px|0px\u00bb border_width_bottom=\u00bb1px\u00bb][et_pb_social_media_follow_network social_network=\u00bbfacebook\u00bb url=\u00bbhttps:\/\/www.facebook.com\/FincaElQuinto\/\u00bb _builder_version=\u00bb4.0.11&#8243; custom_padding=\u00bb||0.5vw||false|false\u00bb follow_button=\u00bboff\u00bb url_new_window=\u00bbon\u00bb]facebook[\/et_pb_social_media_follow_network][et_pb_social_media_follow_network social_network=\u00bbinstagram\u00bb url=\u00bbhttps:\/\/www.instagram.com\/fincaelquinto\/\u00bb _builder_version=\u00bb4.0.11&#8243; custom_padding=\u00bb||0.5vw||false|false\u00bb follow_button=\u00bboff\u00bb url_new_window=\u00bbon\u00bb]instagram[\/et_pb_social_media_follow_network][\/et_pb_social_media_follow][et_pb_code _builder_version=\u00bb4.0.11&#8243; custom_margin=\u00bb||6px|||\u00bb]<script><!-- [et_pb_line_break_holder] --><!-- [et_pb_line_break_holder] -->jQuery(function($){<!-- [et_pb_line_break_holder] -->   <!-- [et_pb_line_break_holder] -->var topPosition = $(window).scrollTop(); <!-- [et_pb_line_break_holder] --> <!-- [et_pb_line_break_holder] -->$(window).scroll(function() {<!-- [et_pb_line_break_holder] -->    var scrollMovement = $(window).scrollTop();<!-- [et_pb_line_break_holder] -->    if(scrollMovement > topPosition) {<!-- [et_pb_line_break_holder] -->          $('#global-header-section').slideUp();<!-- [et_pb_line_break_holder] -->    } else {<!-- [et_pb_line_break_holder] -->         $('#global-header-section').slideDown();<!-- [et_pb_line_break_holder] -->    }<!-- [et_pb_line_break_holder] -->    topPosition = scrollMovement;<!-- [et_pb_line_break_holder] -->});    <!-- [et_pb_line_break_holder] --><!-- [et_pb_line_break_holder] -->});<!-- [et_pb_line_break_holder] --><!-- [et_pb_line_break_holder] --><\/script><!-- [et_pb_line_break_holder] --><!-- [et_pb_line_break_holder] --><!-- [et_pb_line_break_holder] --><!-- [et_pb_line_break_holder] --><!-- [et_pb_line_break_holder] --><\/p>\n<style><!-- [et_pb_line_break_holder] --><!-- [et_pb_line_break_holder] -->#main-content{<!-- [et_pb_line_break_holder] -->    margin-top: 7vw;<!-- [et_pb_line_break_holder] -->}<!-- [et_pb_line_break_holder] --><!-- [et_pb_line_break_holder] --><\/style>\n<p>[\/et_pb_code][\/et_pb_column][\/et_pb_row][\/et_pb_section][et_pb_section fb_built=\u00bb1&#8243; _builder_version=\u00bb3.22&#8243; background_image=\u00bbhttps:\/\/www.fincaelquinto.de\/wp-content\/uploads\/2017\/12\/IMG_9524.jpg\u00bb custom_padding=\u00bb10em|0px|10em|0px\u00bb][et_pb_row _builder_version=\u00bb4.0.11&#8243; custom_margin=\u00bb-5em||\u00bb custom_padding=\u00bb|0px|3px|0px|false|false\u00bb][et_pb_column type=\u00bb4_4&#8243; _builder_version=\u00bb3.25&#8243; custom_padding=\u00bb|||\u00bb custom_padding__hover=\u00bb|||\u00bb][et_pb_divider color=\u00bb#ffffff\u00bb divider_weight=\u00bb3px\u00bb _builder_version=\u00bb4.0.11&#8243; max_width=\u00bb50%\u00bb max_width_tablet=\u00bb\u00bb max_width_phone=\u00bb40%\u00bb max_width_last_edited=\u00bbon|desktop\u00bb module_alignment=\u00bbcenter\u00bb height=\u00bb53px\u00bb hover_enabled=\u00bb0&#8243; locked=\u00bboff\u00bb disabled_on=\u00bbon|off|off\u00bb][\/et_pb_divider][et_pb_text _builder_version=\u00bb4.0.11&#8243; text_font=\u00bbCormorant Garamond|||||on|||\u00bb text_font_size=\u00bb76px\u00bb text_letter_spacing=\u00bb1px\u00bb header_font=\u00bb||||||||\u00bb text_orientation=\u00bbcenter\u00bb background_layout=\u00bbdark\u00bb custom_padding=\u00bb||40px|\u00bb hover_enabled=\u00bb0&#8243; text_font_size_tablet=\u00bb61px\u00bb text_font_size_phone=\u00bb32px\u00bb text_font_size_last_edited=\u00bbon|phone\u00bb locked=\u00bboff\u00bb]<\/p>\n<p>\u00a1Contactanos!<\/p>\n<p>[\/et_pb_text][et_pb_divider color=\u00bb#ffffff\u00bb divider_weight=\u00bb3px\u00bb _builder_version=\u00bb4.0.11&#8243; max_width=\u00bb50%\u00bb max_width_tablet=\u00bb\u00bb max_width_phone=\u00bb39%\u00bb max_width_last_edited=\u00bbon|desktop\u00bb module_alignment=\u00bbcenter\u00bb height=\u00bb27px\u00bb hover_enabled=\u00bb0&#8243; locked=\u00bboff\u00bb disabled_on=\u00bbon|off|off\u00bb][\/et_pb_divider][\/et_pb_column][\/et_pb_row][\/et_pb_section][et_pb_section fb_built=\u00bb1&#8243; _builder_version=\u00bb3.22&#8243;][et_pb_row column_structure=\u00bb1_2,1_2&#8243; use_custom_gutter=\u00bbon\u00bb _builder_version=\u00bb4.0.11&#8243; max_width=\u00bb80%\u00bb custom_margin=\u00bb10%||||false|false\u00bb custom_margin_tablet=\u00bb\u00bb custom_margin_phone=\u00bb\u00bb custom_margin_last_edited=\u00bbon|phone\u00bb use_custom_width=\u00bbon\u00bb width_unit=\u00bboff\u00bb][et_pb_column type=\u00bb1_2&#8243; _builder_version=\u00bb3.25&#8243; custom_padding=\u00bb|||\u00bb custom_padding__hover=\u00bb|||\u00bb][et_pb_text _builder_version=\u00bb4.0.11&#8243; text_font=\u00bbYeseva One||||||||\u00bb text_text_color=\u00bb#333333&#8243; text_font_size=\u00bb33px\u00bb header_font=\u00bb||||||||\u00bb module_alignment=\u00bbright\u00bb custom_margin=\u00bb|||\u00bb]<\/p>\n<p style=\"text-align: center;\">Datos de contacto<\/p>\n<p>[\/et_pb_text][et_pb_text _builder_version=\u00bb4.0.11&#8243; text_font=\u00bbCormorant Garamond||||||||\u00bb text_text_color=\u00bb#333333&#8243; text_font_size=\u00bb24px\u00bb header_font=\u00bb||||||||\u00bb header_font_size=\u00bb34px\u00bb text_orientation=\u00bbcenter\u00bb module_alignment=\u00bbright\u00bb custom_margin=\u00bb|||\u00bb]<\/p>\n<p>Reservas s\u00f3lo mediante correo electr\u00f3nico<\/p>\n<p>[\/et_pb_text][et_pb_divider color=\u00bb#000000&#8243; _builder_version=\u00bb3.21.1&#8243;][\/et_pb_divider][et_pb_text _builder_version=\u00bb3.27.4&#8243; text_font=\u00bbYeseva One||||||||\u00bb text_text_color=\u00bb#666&#8243; text_font_size=\u00bb17px\u00bb header_font=\u00bb||||||||\u00bb header_text_color=\u00bb#666666&#8243; custom_margin=\u00bb|||\u00bb]<\/p>\n<p style=\"text-align: left;\">&nbsp;Email: <a href=\"mailto:info@elquinto.co.uk\">info@elquinto.co.uk<\/a><\/p>\n<p>&nbsp;Phone: 0034 922345002[\/et_pb_text][et_pb_contact_form email=\u00bbdanielsacosta98@gmail.com\u00bb custom_message=\u00bbAnfrage an Finca el Quinto:||et_pb_line_break_holder||||et_pb_line_break_holder||\u00bb success_message=\u00bbIhre Anfrage wurde erfolgreich abgesendet. Balt bekommen Sie von uns per E-mail eine Antwort. Beste Gr\u00fcsse, Finca el Quinto \u00bb disabled_on=\u00bbon|on|on\u00bb _builder_version=\u00bb3.23&#8243; form_field_background_color=\u00bb#ffffff\u00bb form_field_text_color=\u00bb#000000&#8243; title_level=\u00bbh2&#8243; title_font=\u00bb||||||||\u00bb form_field_font=\u00bb|||on|||||\u00bb custom_button=\u00bbon\u00bb button_text_size=\u00bb21px\u00bb button_text_color=\u00bb#ffffff\u00bb button_bg_color=\u00bb#333&#8243; button_font=\u00bb||on|||on|||\u00bb text_orientation=\u00bbcenter\u00bb border_width_all=\u00bb3px\u00bb border_color_all=\u00bb#333&#8243; form_background_color=\u00bb#ffffff\u00bb disabled=\u00bbon\u00bb][et_pb_contact_field field_id=\u00bbName\u00bb field_title=\u00bbName\u00bb _builder_version=\u00bb3.21.1&#8243; button_text_size__hover_enabled=\u00bboff\u00bb button_one_text_size__hover_enabled=\u00bboff\u00bb button_two_text_size__hover_enabled=\u00bboff\u00bb button_text_color__hover_enabled=\u00bboff\u00bb button_one_text_color__hover_enabled=\u00bboff\u00bb button_two_text_color__hover_enabled=\u00bboff\u00bb button_border_width__hover_enabled=\u00bboff\u00bb button_one_border_width__hover_enabled=\u00bboff\u00bb button_two_border_width__hover_enabled=\u00bboff\u00bb button_border_color__hover_enabled=\u00bboff\u00bb button_one_border_color__hover_enabled=\u00bboff\u00bb button_two_border_color__hover_enabled=\u00bboff\u00bb button_border_radius__hover_enabled=\u00bboff\u00bb button_one_border_radius__hover_enabled=\u00bboff\u00bb button_two_border_radius__hover_enabled=\u00bboff\u00bb button_letter_spacing__hover_enabled=\u00bboff\u00bb button_one_letter_spacing__hover_enabled=\u00bboff\u00bb button_two_letter_spacing__hover_enabled=\u00bboff\u00bb button_bg_color__hover_enabled=\u00bboff\u00bb button_one_bg_color__hover_enabled=\u00bboff\u00bb button_two_bg_color__hover_enabled=\u00bboff\u00bb][\/et_pb_contact_field][et_pb_contact_field field_id=\u00bbEmail\u00bb field_title=\u00bbE-Mail-Adresse\u00bb field_type=\u00bbemail\u00bb _builder_version=\u00bb3.16&#8243; button_text_size__hover_enabled=\u00bboff\u00bb button_one_text_size__hover_enabled=\u00bboff\u00bb button_two_text_size__hover_enabled=\u00bboff\u00bb button_text_color__hover_enabled=\u00bboff\u00bb button_one_text_color__hover_enabled=\u00bboff\u00bb button_two_text_color__hover_enabled=\u00bboff\u00bb button_border_width__hover_enabled=\u00bboff\u00bb button_one_border_width__hover_enabled=\u00bboff\u00bb button_two_border_width__hover_enabled=\u00bboff\u00bb button_border_color__hover_enabled=\u00bboff\u00bb button_one_border_color__hover_enabled=\u00bboff\u00bb button_two_border_color__hover_enabled=\u00bboff\u00bb button_border_radius__hover_enabled=\u00bboff\u00bb button_one_border_radius__hover_enabled=\u00bboff\u00bb button_two_border_radius__hover_enabled=\u00bboff\u00bb button_letter_spacing__hover_enabled=\u00bboff\u00bb button_one_letter_spacing__hover_enabled=\u00bboff\u00bb button_two_letter_spacing__hover_enabled=\u00bboff\u00bb button_bg_color__hover_enabled=\u00bboff\u00bb button_one_bg_color__hover_enabled=\u00bboff\u00bb button_two_bg_color__hover_enabled=\u00bboff\u00bb][\/et_pb_contact_field][et_pb_contact_field field_id=\u00bbMessage\u00bb field_title=\u00bbNachricht\u00bb field_type=\u00bbtext\u00bb fullwidth_field=\u00bbon\u00bb _builder_version=\u00bb3.16&#8243; button_text_size__hover_enabled=\u00bboff\u00bb button_one_text_size__hover_enabled=\u00bboff\u00bb button_two_text_size__hover_enabled=\u00bboff\u00bb button_text_color__hover_enabled=\u00bboff\u00bb button_one_text_color__hover_enabled=\u00bboff\u00bb button_two_text_color__hover_enabled=\u00bboff\u00bb button_border_width__hover_enabled=\u00bboff\u00bb button_one_border_width__hover_enabled=\u00bboff\u00bb button_two_border_width__hover_enabled=\u00bboff\u00bb button_border_color__hover_enabled=\u00bboff\u00bb button_one_border_color__hover_enabled=\u00bboff\u00bb button_two_border_color__hover_enabled=\u00bboff\u00bb button_border_radius__hover_enabled=\u00bboff\u00bb button_one_border_radius__hover_enabled=\u00bboff\u00bb button_two_border_radius__hover_enabled=\u00bboff\u00bb button_letter_spacing__hover_enabled=\u00bboff\u00bb button_one_letter_spacing__hover_enabled=\u00bboff\u00bb button_two_letter_spacing__hover_enabled=\u00bboff\u00bb button_bg_color__hover_enabled=\u00bboff\u00bb button_one_bg_color__hover_enabled=\u00bboff\u00bb button_two_bg_color__hover_enabled=\u00bboff\u00bb][\/et_pb_contact_field][\/et_pb_contact_form][et_pb_social_media_follow _builder_version=\u00bb3.21.1&#8243; text_orientation=\u00bbleft\u00bb filter_saturate=\u00bb0%\u00bb filter_brightness=\u00bb78%\u00bb filter_contrast=\u00bb200%\u00bb][et_pb_social_media_follow_network social_network=\u00bbfacebook\u00bb url=\u00bbhttps:\/\/www.facebook.com\/FincaElQuinto\/\u00bb _builder_version=\u00bb3.21.1&#8243; background_color=\u00bb#3b5998&#8243; follow_button=\u00bboff\u00bb url_new_window=\u00bbon\u00bb]facebook[\/et_pb_social_media_follow_network][et_pb_social_media_follow_network social_network=\u00bbinstagram\u00bb url=\u00bbhttps:\/\/www.instagram.com\/fincaelquinto\/\u00bb _builder_version=\u00bb3.21.1&#8243; background_color=\u00bb#ea2c59&#8243; follow_button=\u00bboff\u00bb url_new_window=\u00bbon\u00bb]instagram[\/et_pb_social_media_follow_network][\/et_pb_social_media_follow][\/et_pb_column][et_pb_column type=\u00bb1_2&#8243; _builder_version=\u00bb3.25&#8243; custom_padding=\u00bb|0px||\u00bb custom_padding__hover=\u00bb|||\u00bb][et_pb_text _builder_version=\u00bb4.0.11&#8243;][\/et_pb_text][et_pb_text _builder_version=\u00bb4.0.11&#8243; text_font=\u00bbYeseva One||||||||\u00bb text_text_color=\u00bb#333&#8243; text_font_size=\u00bb33px\u00bb header_font=\u00bb||||||||\u00bb module_alignment=\u00bbright\u00bb custom_margin=\u00bb|||\u00bb]<\/p>\n<p style=\"text-align: center;\">Ubicaci\u00f3n<\/p>\n<p>[\/et_pb_text][et_pb_divider color=\u00bb#000000&#8243; _builder_version=\u00bb3.21.1&#8243;][\/et_pb_divider][et_pb_code _builder_version=\u00bb3.21.1&#8243;]<iframe loading=\"lazy\" src=\"https:\/\/www.google.com\/maps\/embed?pb=!1m18!1m12!1m3!1d3509.9955787986464!2d-16.599318184953972!3d28.389201501803118!2m3!1f0!2f0!3f0!3m2!1i1024!2i768!4f13.1!3m3!1m2!1s0xc6a7e265a643c93%3A0xda2dcd430ae588a9!2sFinca%20El%20Quinto!5e0!3m2!1sen!2ses!4v1571651704145!5m2!1sen!2ses\" style=\"border:0;\" allowfullscreen=\"\" width=\"600\" height=\"450\" frameborder=\"0\"><\/iframe>[\/et_pb_code][\/et_pb_column][\/et_pb_row][et_pb_row _builder_version=\u00bb3.25&#8243; custom_padding=\u00bb14px|0px|25.6px|0px|false|false\u00bb locked=\u00bboff\u00bb][et_pb_column type=\u00bb4_4&#8243; _builder_version=\u00bb3.25&#8243; custom_padding=\u00bb|||\u00bb custom_padding__hover=\u00bb|||\u00bb][et_pb_image src=\u00bbhttps:\/\/www.fincaelquinto.de\/wp-content\/uploads\/2018\/05\/logo-e1567160880241.png\u00bb align_tablet=\u00bbcenter\u00bb align_phone=\u00bb\u00bb align_last_edited=\u00bbon|desktop\u00bb _builder_version=\u00bb3.23&#8243; max_width=\u00bb9%\u00bb module_alignment=\u00bbcenter\u00bb][\/et_pb_image][et_pb_text _builder_version=\u00bb3.27.4&#8243; text_font=\u00bbCardo|||||on|||\u00bb text_font_size=\u00bb19px\u00bb text_font_size_tablet=\u00bb13px\u00bb text_font_size_phone=\u00bb13px\u00bb text_font_size_last_edited=\u00bbon|tablet\u00bb]<\/p>\n<p style=\"text-align: center;\">Folge uns oder verlinke deine Urlaubsfotos von der Finca auf Instagram.<\/p>\n<p>[\/et_pb_text][et_pb_text _builder_version=\u00bb3.27.4&#8243; text_font=\u00bbCardo|||||on|||\u00bb text_font_size=\u00bb28px\u00bb text_font_size_tablet=\u00bb13px\u00bb text_font_size_phone=\u00bb12px\u00bb text_font_size_last_edited=\u00bbon|tablet\u00bb]<\/p>\n<p style=\"text-align: center;\">Mit dem Hashtag <strong><span style=\"color: ##000000;\">#Fincaelquinto<\/span><\/strong><\/p>\n<p>[\/et_pb_text][\/et_pb_column][\/et_pb_row][\/et_pb_section][et_pb_section fb_built=\u00bb1&#8243; fullwidth=\u00bbon\u00bb _builder_version=\u00bb3.22&#8243; background_color=\u00bb#000000&#8243; custom_padding=\u00bb0px|0px|0px|0px\u00bb][et_pb_fullwidth_header _builder_version=\u00bb3.21.1&#8243; title_font=\u00bb||||||||\u00bb title_text_align=\u00bbleft\u00bb content_font=\u00bbCardo||||||||\u00bb content_text_align=\u00bbcenter\u00bb content_text_color=\u00bb#ffffff\u00bb background_color=\u00bbrgba(255,255,255,0)\u00bb use_background_color_gradient=\u00bbon\u00bb background_color_gradient_start=\u00bbrgba(0,0,0,0.9)\u00bb background_color_gradient_end=\u00bb#000000&#8243; background_layout=\u00bblight\u00bb content_font_size_tablet=\u00bb9px\u00bb content_font_size_phone=\u00bb9px\u00bb content_font_size_last_edited=\u00bbon|tablet\u00bb button_one_text_size__hover_enabled=\u00bboff\u00bb button_two_text_size__hover_enabled=\u00bboff\u00bb button_one_text_color__hover_enabled=\u00bboff\u00bb button_two_text_color__hover_enabled=\u00bboff\u00bb button_one_border_width__hover_enabled=\u00bboff\u00bb button_two_border_width__hover_enabled=\u00bboff\u00bb button_one_border_color__hover_enabled=\u00bboff\u00bb button_two_border_color__hover_enabled=\u00bboff\u00bb button_one_border_radius__hover_enabled=\u00bboff\u00bb button_two_border_radius__hover_enabled=\u00bboff\u00bb button_one_letter_spacing__hover_enabled=\u00bboff\u00bb button_two_letter_spacing__hover_enabled=\u00bboff\u00bb button_one_bg_color__hover_enabled=\u00bboff\u00bb button_two_bg_color__hover_enabled=\u00bboff\u00bb]\u00a9 2020 Finca el Quinto All Rights Reserved.<\/p>\n<p style=\"text-align: center;\">\n<p style=\"text-align: center;\">Caserio los Quintos 37, 38410 Los Realejos<\/p>\n<p style=\"text-align: center;\">S\/C de Tenerife<\/p>\n<p style=\"text-align: center;\">Islas Canarias<\/p>\n<p style=\"text-align: center;\">\n<p style=\"text-align: center;\">0034922345002<\/p>\n<p style=\"text-align: center;\">info@elquinto.co.uk<\/p>\n<p>[\/et_pb_fullwidth_header][\/et_pb_section]<\/p>\n","protected":false},"excerpt":{"rendered":"<p>\u00a1Contactanos!Datos de contactoReservas s\u00f3lo mediante correo electr\u00f3nico&nbsp;Email: info@elquinto.co.uk &nbsp;Phone: 0034 922345002Ubicaci\u00f3nFolge uns oder verlinke deine Urlaubsfotos von der Finca auf Instagram.Mit dem Hashtag #Fincaelquinto\u00a9 2020 Finca el Quinto All Rights Reserved. Caserio los Quintos 37, 38410 Los Realejos S\/C de Tenerife Islas Canarias 0034922345002 info@elquinto.co.uk<\/p>\n","protected":false},"author":1,"featured_media":0,"parent":0,"menu_order":0,"comment_status":"closed","ping_status":"closed","template":"page-template-blank.php","meta":{"_et_pb_use_builder":"on","_et_pb_old_content":"","_et_gb_content_width":"","footnotes":""},"class_list":["post-4537","page","type-page","status-publish","hentry"],"_links":{"self":[{"href":"https:\/\/www.fincaelquinto.de\/es\/wp-json\/wp\/v2\/pages\/4537","targetHints":{"allow":["GET"]}}],"collection":[{"href":"https:\/\/www.fincaelquinto.de\/es\/wp-json\/wp\/v2\/pages"}],"about":[{"href":"https:\/\/www.fincaelquinto.de\/es\/wp-json\/wp\/v2\/types\/page"}],"author":[{"embeddable":true,"href":"https:\/\/www.fincaelquinto.de\/es\/wp-json\/wp\/v2\/users\/1"}],"replies":[{"embeddable":true,"href":"https:\/\/www.fincaelquinto.de\/es\/wp-json\/wp\/v2\/comments?post=4537"}],"version-history":[{"count":5,"href":"https:\/\/www.fincaelquinto.de\/es\/wp-json\/wp\/v2\/pages\/4537\/revisions"}],"predecessor-version":[{"id":4560,"href":"https:\/\/www.fincaelquinto.de\/es\/wp-json\/wp\/v2\/pages\/4537\/revisions\/4560"}],"wp:attachment":[{"href":"https:\/\/www.fincaelquinto.de\/es\/wp-json\/wp\/v2\/media?parent=4537"}],"curies":[{"name":"wp","href":"https:\/\/api.w.org\/{rel}","templated":true}]}}