{"id":4473,"date":"2020-07-09T14:18:21","date_gmt":"2020-07-09T12:18:21","guid":{"rendered":"https:\/\/www.fincaelquinto.de\/?page_id=4473"},"modified":"2020-07-09T14:18:22","modified_gmt":"2020-07-09T12:18:22","slug":"casa-quinto","status":"publish","type":"page","link":"https:\/\/www.fincaelquinto.de\/es\/casa-quinto\/","title":{"rendered":"Casa Quinto"},"content":{"rendered":"<p>[et_pb_section fb_built=\u00bb1&#8243; module_id=\u00bbglobal-header-section\u00bb _builder_version=\u00bb4.0.11&#8243; background_color=\u00bb#ffffff\u00bb background_enable_image=\u00bboff\u00bb width=\u00bb100%\u00bb min_height=\u00bb98px\u00bb custom_margin=\u00bb||-4px|||\u00bb custom_padding=\u00bb2vw||0vw||false|false\u00bb z_index=\u00bb99999&#8243; custom_css_main_element=\u00bbposition: fixed;||top: 0;\u00bb box_shadow_style=\u00bbpreset1&#8243; box_shadow_blur=\u00bb50px\u00bb box_shadow_color=\u00bbrgba(0,0,0,0.08)\u00bb][et_pb_row make_equal=\u00bbon\u00bb _builder_version=\u00bb4.0.11&#8243; background_color=\u00bb#ffffff\u00bb background_image=\u00bbhttps:\/\/www.fincaelquinto.de\/wp-content\/uploads\/2018\/05\/logo-e1567160880241.png\u00bb background_size=\u00bbcontain\u00bb background_position=\u00bbcenter_left\u00bb width=\u00bb87%\u00bb max_width=\u00bb100%\u00bb custom_padding=\u00bb0px||0px||false|false\u00bb link_option_url=\u00bbwww.fincaelquinto.de\u00bb custom_css_main_element=\u00bbdisplay: flex;||align-items: center;\u00bb][et_pb_column type=\u00bb4_4&#8243; _builder_version=\u00bb4.0.11&#8243;][et_pb_menu menu_id=\u00bb10&#8243; menu_style=\u00bbcentered\u00bb active_link_color=\u00bb#c2ab92&#8243; dropdown_menu_bg_color=\u00bbrgba(0,0,0,0.46)\u00bb dropdown_menu_line_color=\u00bb#000000&#8243; dropdown_menu_text_color=\u00bb#ffffff\u00bb mobile_menu_bg_color=\u00bbrgba(0,0,0,0.56)\u00bb mobile_menu_text_color=\u00bb#ffffff\u00bb logo_max_width=\u00bb41%\u00bb menu_icon_color=\u00bb#000000&#8243; logo_max_width_tablet=\u00bb\u00bb logo_max_width_phone=\u00bb\u00bb logo_max_width_last_edited=\u00bbon|desktop\u00bb _builder_version=\u00bb4.0.11&#8243; menu_font=\u00bbCormorant Garamond||||||||\u00bb menu_text_color=\u00bb#000000&#8243; menu_font_size=\u00bb23px\u00bb menu_line_height=\u00bb1vw\u00bb background_enable_color=\u00bboff\u00bb width=\u00bb100%\u00bb custom_margin=\u00bb||9px||false|false\u00bb custom_padding=\u00bb|0px||0px|false|false\u00bb menu_font_size_last_edited=\u00bboff|phone\u00bb menu_text_color__hover_enabled=\u00bbon|hover\u00bb menu_text_color__hover=\u00bb#c2ab92&#8243;][\/et_pb_menu][et_pb_social_media_follow icon_color=\u00bb#000000&#8243; _builder_version=\u00bb4.0.11&#8243; text_orientation=\u00bbcenter\u00bb custom_margin=\u00bb||1px|||\u00bb custom_padding=\u00bb|0px||||\u00bb border_radii=\u00bbon|0px|0px|0px|0px\u00bb border_width_bottom=\u00bb1px\u00bb][et_pb_social_media_follow_network social_network=\u00bbfacebook\u00bb url=\u00bbhttps:\/\/www.facebook.com\/FincaElQuinto\/\u00bb _builder_version=\u00bb4.0.11&#8243; custom_padding=\u00bb||0.5vw||false|false\u00bb follow_button=\u00bboff\u00bb url_new_window=\u00bbon\u00bb]facebook[\/et_pb_social_media_follow_network][et_pb_social_media_follow_network social_network=\u00bbinstagram\u00bb url=\u00bbhttps:\/\/www.instagram.com\/fincaelquinto\/\u00bb _builder_version=\u00bb4.0.11&#8243; custom_padding=\u00bb||0.5vw||false|false\u00bb follow_button=\u00bboff\u00bb url_new_window=\u00bbon\u00bb]instagram[\/et_pb_social_media_follow_network][\/et_pb_social_media_follow][et_pb_code _builder_version=\u00bb4.0.11&#8243; custom_margin=\u00bb||6px|||\u00bb]<script><!-- [et_pb_line_break_holder] --><!-- [et_pb_line_break_holder] -->jQuery(function($){<!-- [et_pb_line_break_holder] -->   <!-- [et_pb_line_break_holder] -->var topPosition = $(window).scrollTop(); <!-- [et_pb_line_break_holder] --> <!-- [et_pb_line_break_holder] -->$(window).scroll(function() {<!-- [et_pb_line_break_holder] -->    var scrollMovement = $(window).scrollTop();<!-- [et_pb_line_break_holder] -->    if(scrollMovement > topPosition) {<!-- [et_pb_line_break_holder] -->          $('#global-header-section').slideUp();<!-- [et_pb_line_break_holder] -->    } else {<!-- [et_pb_line_break_holder] -->         $('#global-header-section').slideDown();<!-- [et_pb_line_break_holder] -->    }<!-- [et_pb_line_break_holder] -->    topPosition = scrollMovement;<!-- [et_pb_line_break_holder] -->});    <!-- [et_pb_line_break_holder] --><!-- [et_pb_line_break_holder] -->});<!-- [et_pb_line_break_holder] --><!-- [et_pb_line_break_holder] --><\/script><!-- [et_pb_line_break_holder] --><!-- [et_pb_line_break_holder] --><!-- [et_pb_line_break_holder] --><!-- [et_pb_line_break_holder] --><!-- [et_pb_line_break_holder] --><\/p>\n<style><!-- [et_pb_line_break_holder] --><!-- [et_pb_line_break_holder] -->#main-content{<!-- [et_pb_line_break_holder] -->    margin-top: 7vw;<!-- [et_pb_line_break_holder] -->}<!-- [et_pb_line_break_holder] --><!-- [et_pb_line_break_holder] --><\/style>\n<p>[\/et_pb_code][\/et_pb_column][\/et_pb_row][\/et_pb_section][et_pb_section fb_built=\u00bb1&#8243; _builder_version=\u00bb4.0.11&#8243;][et_pb_row column_structure=\u00bb1_2,1_2&#8243; use_custom_gutter=\u00bbon\u00bb gutter_width=\u00bb1&#8243; _builder_version=\u00bb4.0.11&#8243; width=\u00bb100%\u00bb max_width=\u00bb2560px\u00bb module_alignment=\u00bbcenter\u00bb][et_pb_column type=\u00bb1_2&#8243; _builder_version=\u00bb4.0.11&#8243;][et_pb_slider show_image_video_mobile=\u00bbon\u00bb arrows_custom_color=\u00bb#8c8c8c\u00bb _builder_version=\u00bb4.0.11&#8243; custom_margin_tablet=\u00bb10%||||false|false\u00bb custom_margin_phone=\u00bb30%||||false|false\u00bb custom_margin_last_edited=\u00bbon|phone\u00bb custom_padding=\u00bb0px||0px|||\u00bb][et_pb_slide image=\u00bbhttps:\/\/www.fincaelquinto.de\/wp-content\/uploads\/2020\/06\/fina1.jpg\u00bb _builder_version=\u00bb4.0.11&#8243; background_color=\u00bbrgba(0,0,0,0)\u00bb background_enable_color=\u00bbon\u00bb background_enable_image=\u00bboff\u00bb background_position=\u00bbbottom_center\u00bb][\/et_pb_slide][et_pb_slide image=\u00bbhttps:\/\/www.fincaelquinto.de\/wp-content\/uploads\/2020\/06\/013Finca_el_Quinto-1150&#215;600-1-2.jpg\u00bb _builder_version=\u00bb4.0.11&#8243; background_color=\u00bbrgba(0,0,0,0)\u00bb background_enable_color=\u00bbon\u00bb background_enable_image=\u00bboff\u00bb background_position=\u00bbbottom_center\u00bb][\/et_pb_slide][et_pb_slide image=\u00bbhttps:\/\/www.fincaelquinto.de\/wp-content\/uploads\/2020\/06\/1544095_10153726651040626_488216044_n.jpg\u00bb _builder_version=\u00bb4.0.11&#8243; background_color=\u00bbrgba(0,0,0,0)\u00bb background_enable_color=\u00bbon\u00bb background_enable_image=\u00bboff\u00bb background_position=\u00bbbottom_center\u00bb][\/et_pb_slide][et_pb_slide image=\u00bbhttps:\/\/www.fincaelquinto.de\/wp-content\/uploads\/2020\/06\/1420543_10153726651090626_1333720290_n.jpg\u00bb _builder_version=\u00bb4.0.11&#8243; background_color=\u00bbrgba(0,0,0,0)\u00bb background_enable_color=\u00bbon\u00bb background_enable_image=\u00bboff\u00bb background_position=\u00bbbottom_center\u00bb][\/et_pb_slide][et_pb_slide image=\u00bbhttps:\/\/www.fincaelquinto.de\/wp-content\/uploads\/2020\/06\/014Finca_el_Quinto-1150&#215;600-1.jpg\u00bb _builder_version=\u00bb4.0.11&#8243; background_color=\u00bbrgba(0,0,0,0)\u00bb background_enable_color=\u00bbon\u00bb background_enable_image=\u00bboff\u00bb background_position=\u00bbbottom_center\u00bb][\/et_pb_slide][et_pb_slide image=\u00bbhttps:\/\/www.fincaelquinto.de\/wp-content\/uploads\/2020\/06\/quinto4.jpg\u00bb _builder_version=\u00bb4.0.11&#8243; background_color=\u00bbrgba(0,0,0,0)\u00bb background_enable_color=\u00bbon\u00bb background_enable_image=\u00bboff\u00bb background_position=\u00bbbottom_center\u00bb width=\u00bb70%\u00bb][\/et_pb_slide][et_pb_slide image=\u00bbhttps:\/\/www.fincaelquinto.de\/wp-content\/uploads\/2020\/06\/quinto3.jpg\u00bb arrows_custom_color=\u00bb#8c8c8c\u00bb _builder_version=\u00bb4.0.11&#8243; background_color=\u00bbrgba(0,0,0,0)\u00bb background_enable_color=\u00bbon\u00bb background_enable_image=\u00bboff\u00bb background_position=\u00bbbottom_center\u00bb width=\u00bb70%\u00bb][\/et_pb_slide][\/et_pb_slider][\/et_pb_column][et_pb_column type=\u00bb1_2&#8243; _builder_version=\u00bb4.0.11&#8243;][et_pb_blurb title=\u00bbCasa Quinto \u00bb content_max_width=\u00bb590px\u00bb _builder_version=\u00bb4.0.11&#8243; header_level=\u00bbh2&#8243; header_font=\u00bbCormorant Garamond|700||||on|||\u00bb header_text_align=\u00bbcenter\u00bb header_font_size=\u00bb40px\u00bb header_line_height=\u00bb1.5em\u00bb body_text_align=\u00bbjustify\u00bb body_font_size=\u00bb17px\u00bb body_letter_spacing=\u00bb1px\u00bb body_line_height=\u00bb1.8em\u00bb width_tablet=\u00bb\u00bb width_phone=\u00bb93%\u00bb width_last_edited=\u00bbon|phone\u00bb hover_enabled=\u00bb0&#8243; header_font_size_tablet=\u00bb\u00bb header_font_size_phone=\u00bb32px\u00bb header_font_size_last_edited=\u00bbon|phone\u00bb body_font_size_tablet=\u00bb\u00bb body_font_size_phone=\u00bb13px\u00bb body_font_size_last_edited=\u00bbon|phone\u00bb module_alignment_tablet=\u00bb\u00bb module_alignment_phone=\u00bbcenter\u00bb module_alignment_last_edited=\u00bbon|phone\u00bb]<\/p>\n<div class=\"page\" title=\"Page 6\">\n<div class=\"layoutArea\">\n<div class=\"column\">\n<ol style=\"list-style-type: none;\" start=\"0\">\n<li>\n<p><span style=\"font-size: 12.000000pt; font-family: 'ArialMT';\">La Casa Quinto fue inicialmente la casa principal de la finca, y es por ello tambie\u0301n el alojamiento ma\u0301s amplio que ofrecemos, con ocho camas, tres cuartos de ban\u0303o y dos terrazas distribuidas en dos plantas. La cocina es amplia y cuenta con equipacio\u0301n moderna. El amplio salo\u0301n \/ comedor esta\u0301 amueblado y decorado de manera cuidadosa y elegante. El dormitorio superior cuenta con un ban\u0303o y terraza privados. Desde ahi\u0301 se tienen unas vistas privilegiadas sobre el Atla\u0301ntico, el lugar perfecto para comenzar el di\u0301a o disfrutar de un vaso de vino en un ambiente relajado. <\/span><\/p>\n<\/li>\n<\/ol>\n<\/div>\n<\/div>\n<\/div>\n<p><span>\u00a0<\/span><\/p>\n<p>[\/et_pb_blurb][et_pb_text _builder_version=\u00bb4.0.11&#8243; text_font=\u00bb|||on|||||\u00bb text_font_size=\u00bb17px\u00bb text_letter_spacing=\u00bb2px\u00bb text_line_height=\u00bb3em\u00bb text_orientation=\u00bbcenter\u00bb custom_padding=\u00bb28px|||||\u00bb text_font_size_tablet=\u00bb\u00bb text_font_size_phone=\u00bb12px\u00bb text_font_size_last_edited=\u00bbon|phone\u00bb]<\/p>\n<p>Max. 8 Personas<\/p>\n<p>[\/et_pb_text][et_pb_blurb title=\u00bbEquipamiento\u00bb _builder_version=\u00bb4.0.11&#8243; header_level=\u00bbh3&#8243; header_font=\u00bbCormorant Garamond|600|||on|on|||\u00bb header_text_align=\u00bbcenter\u00bb header_font_size=\u00bb35px\u00bb header_letter_spacing=\u00bb1px\u00bb header_line_height=\u00bb1.5em\u00bb body_font=\u00bb||||||||\u00bb body_font_size=\u00bb17px\u00bb body_letter_spacing=\u00bb2px\u00bb body_line_height=\u00bb1.8em\u00bb custom_padding=\u00bb50px|||||\u00bb hover_enabled=\u00bb0&#8243; header_font_size_tablet=\u00bb\u00bb header_font_size_phone=\u00bb23px\u00bb header_font_size_last_edited=\u00bbon|phone\u00bb body_font_size_tablet=\u00bb\u00bb body_font_size_phone=\u00bb13px\u00bb body_font_size_last_edited=\u00bbon|phone\u00bb]<\/p>\n<div class=\"page\" title=\"Page 6\">\n<div class=\"layoutArea\">\n<div class=\"column\">\n<ul style=\"list-style-type: disc;\">\n<li style=\"font-size: 10.000000pt; font-family: 'SymbolMT';\">\n<p><span style=\"font-size: 12.000000pt; font-family: 'ArialMT';\">1 amplio salo\u0301n <\/span><\/p>\n<\/li>\n<li style=\"font-size: 10.000000pt; font-family: 'SymbolMT';\">\n<p><span style=\"font-size: 12.000000pt; font-family: 'ArialMT';\">1 espaciosa cocina abierta <\/span><\/p>\n<\/li>\n<li style=\"font-size: 10.000000pt; font-family: 'SymbolMT';\">\n<p><span style=\"font-size: 12.000000pt; font-family: 'ArialMT';\">3 cuartos de ban\u0303o <\/span><\/p>\n<\/li>\n<li style=\"font-size: 10.000000pt; font-family: 'SymbolMT';\">\n<p><span style=\"font-size: 12.000000pt; font-family: 'ArialMT';\">3 dormitorios Dos con cama doble y uno con cuatro camas individuales. <\/span><\/p>\n<\/li>\n<li style=\"font-size: 10.000000pt; font-family: 'SymbolMT';\">\n<p><span style=\"font-size: 12.000000pt; font-family: 'ArialMT';\">1 amplia terraza con vistas hacia el mar. <\/span><\/p>\n<\/li>\n<li style=\"font-size: 10.000000pt; font-family: 'SymbolMT';\">\n<p><span style=\"font-size: 12.000000pt; font-family: 'ArialMT';\">1 patio <\/span><\/p>\n<\/li>\n<li style=\"font-size: 10.000000pt; font-family: 'SymbolMT';\">\n<p><span style=\"font-size: 12.000000pt; font-family: 'ArialMT';\">Licuadora y batidora para la preparacio\u0301n de smoothies con productos <\/span><span style=\"font-size: 12.000000pt; font-family: 'ArialMT';\">frescos y del huerto. <\/span><\/p>\n<\/li>\n<li style=\"font-size: 10.000000pt; font-family: 'SymbolMT';\">\n<p><span style=\"font-size: 12.000000pt; font-family: 'ArialMT';\">Distintas cafeteras segu\u0301n peticio\u0301n (Espresso, Frenchpress o de filtro). <\/span><\/p>\n<\/li>\n<li style=\"font-size: 10.000000pt; font-family: 'SymbolMT';\">\n<p><span style=\"font-size: 12.000000pt; font-family: 'ArialMT';\">Bluetooth &#8211; Radios y Televisio\u0301n por sate\u0301lite. <\/span><\/p>\n<\/li>\n<li style=\"font-size: 10.000000pt; font-family: 'SymbolMT';\">\n<p><span style=\"font-size: 12.000000pt; font-family: 'ArialMT';\">Secador del pelo. <\/span><\/p>\n<\/li>\n<li style=\"font-size: 10.000000pt; font-family: 'SymbolMT';\">\n<p><span style=\"font-size: 12.000000pt; font-family: 'ArialMT';\">Toallas y ropa de cama. <\/span><\/p>\n<\/li>\n<\/ul>\n<\/div>\n<\/div>\n<\/div>\n<p>[\/et_pb_blurb][\/et_pb_column][\/et_pb_row][\/et_pb_section]<\/p>\n","protected":false},"excerpt":{"rendered":"<p>La Casa Quinto fue inicialmente la casa principal de la finca, y es por ello tambie\u0301n el alojamiento ma\u0301s amplio que ofrecemos, con ocho camas, tres cuartos de ban\u0303o y dos terrazas distribuidas en dos plantas. La cocina es amplia y cuenta con equipacio\u0301n moderna. El amplio salo\u0301n \/ comedor esta\u0301 amueblado y decorado de [&hellip;]<\/p>\n","protected":false},"author":1,"featured_media":0,"parent":0,"menu_order":0,"comment_status":"closed","ping_status":"closed","template":"page-template-blank.php","meta":{"_et_pb_use_builder":"on","_et_pb_old_content":"[et_pb_section fb_built=\"1\" module_id=\"global-header-section\" _builder_version=\"4.0.11\" background_color=\"#ffffff\" background_enable_image=\"off\" width=\"100%\" min_height=\"98px\" custom_margin=\"||-4px|||\" custom_padding=\"2vw||0vw||false|false\" z_index=\"99999\" custom_css_main_element=\"position: fixed;||top: 0;\" box_shadow_style=\"preset1\" box_shadow_blur=\"50px\" box_shadow_color=\"rgba(0,0,0,0.08)\"][et_pb_row make_equal=\"on\" _builder_version=\"4.0.11\" background_color=\"#ffffff\" background_image=\"https:\/\/www.fincaelquinto.de\/wp-content\/uploads\/2018\/05\/logo-e1567160880241.png\" background_size=\"contain\" background_position=\"center_left\" width=\"87%\" max_width=\"100%\" custom_padding=\"0px||0px||false|false\" link_option_url=\"www.fincaelquinto.de\" custom_css_main_element=\"display: flex;||align-items: center;\"][et_pb_column type=\"4_4\" _builder_version=\"4.0.11\"][et_pb_menu menu_id=\"10\" menu_style=\"centered\" active_link_color=\"#c2ab92\" dropdown_menu_bg_color=\"rgba(0,0,0,0.46)\" dropdown_menu_line_color=\"#000000\" dropdown_menu_text_color=\"#ffffff\" mobile_menu_bg_color=\"rgba(0,0,0,0.56)\" mobile_menu_text_color=\"#ffffff\" logo_max_width=\"41%\" menu_icon_color=\"#000000\" logo_max_width_tablet=\"\" logo_max_width_phone=\"\" logo_max_width_last_edited=\"on|desktop\" _builder_version=\"4.0.11\" menu_font=\"Cormorant Garamond||||||||\" menu_text_color=\"#000000\" menu_font_size=\"23px\" menu_line_height=\"1vw\" background_enable_color=\"off\" width=\"100%\" custom_margin=\"||9px||false|false\" custom_padding=\"|0px||0px|false|false\" menu_font_size_last_edited=\"off|phone\" menu_text_color__hover_enabled=\"on|hover\" menu_text_color__hover=\"#c2ab92\"][\/et_pb_menu][et_pb_social_media_follow icon_color=\"#000000\" _builder_version=\"4.0.11\" text_orientation=\"center\" custom_margin=\"||1px|||\" custom_padding=\"|0px||||\" border_radii=\"on|0px|0px|0px|0px\" border_width_bottom=\"1px\"][et_pb_social_media_follow_network social_network=\"facebook\" url=\"https:\/\/www.facebook.com\/FincaElQuinto\/\" _builder_version=\"4.0.11\" custom_padding=\"||0.5vw||false|false\" follow_button=\"off\" url_new_window=\"on\"]facebook[\/et_pb_social_media_follow_network][et_pb_social_media_follow_network social_network=\"instagram\" url=\"https:\/\/www.instagram.com\/fincaelquinto\/\" _builder_version=\"4.0.11\" custom_padding=\"||0.5vw||false|false\" follow_button=\"off\" url_new_window=\"on\"]instagram[\/et_pb_social_media_follow_network][\/et_pb_social_media_follow][et_pb_code _builder_version=\"4.0.11\" custom_margin=\"||6px|||\"]<script><!-- [et_pb_line_break_holder] --><!-- [et_pb_line_break_holder] -->jQuery(function($){<!-- [et_pb_line_break_holder] -->   <!-- [et_pb_line_break_holder] -->var topPosition = $(window).scrollTop(); <!-- [et_pb_line_break_holder] --> <!-- [et_pb_line_break_holder] -->$(window).scroll(function() {<!-- [et_pb_line_break_holder] -->    var scrollMovement = $(window).scrollTop();<!-- [et_pb_line_break_holder] -->    if(scrollMovement > topPosition) {<!-- [et_pb_line_break_holder] -->          $('#global-header-section').slideUp();<!-- [et_pb_line_break_holder] -->    } else {<!-- [et_pb_line_break_holder] -->         $('#global-header-section').slideDown();<!-- [et_pb_line_break_holder] -->    }<!-- [et_pb_line_break_holder] -->    topPosition = scrollMovement;<!-- [et_pb_line_break_holder] -->});    <!-- [et_pb_line_break_holder] --><!-- [et_pb_line_break_holder] -->});<!-- [et_pb_line_break_holder] --><!-- [et_pb_line_break_holder] --><\/script><!-- [et_pb_line_break_holder] --><!-- [et_pb_line_break_holder] --><!-- [et_pb_line_break_holder] -->\n\n<style><!-- [et_pb_line_break_holder] --><!-- [et_pb_line_break_holder] -->#main-content{<!-- [et_pb_line_break_holder] -->    margin-top: 7vw;<!-- [et_pb_line_break_holder] -->}<!-- [et_pb_line_break_holder] --><!-- [et_pb_line_break_holder] --><\/style>[\/et_pb_code][\/et_pb_column][\/et_pb_row][\/et_pb_section][et_pb_section fb_built=\"1\" _builder_version=\"4.0.11\"][et_pb_row column_structure=\"1_2,1_2\" use_custom_gutter=\"on\" gutter_width=\"1\" _builder_version=\"4.0.11\" width=\"100%\" max_width=\"2560px\" module_alignment=\"center\"][et_pb_column type=\"1_2\" _builder_version=\"4.0.11\"][et_pb_slider arrows_custom_color=\"#8c8c8c\" _builder_version=\"4.0.11\" custom_padding=\"0px||0px|||\" hover_enabled=\"0\" show_image_video_mobile=\"on\" custom_margin_last_edited=\"on|phone\" custom_margin_tablet=\"10%||||false|false\" custom_margin_phone=\"30%||||false|false\"][et_pb_slide image=\"https:\/\/www.fincaelquinto.de\/wp-content\/uploads\/2020\/06\/fina1.jpg\" _builder_version=\"4.0.11\" background_color=\"rgba(0,0,0,0)\" background_enable_color=\"on\" background_enable_image=\"off\" background_position=\"bottom_center\"][\/et_pb_slide][et_pb_slide image=\"https:\/\/www.fincaelquinto.de\/wp-content\/uploads\/2020\/06\/013Finca_el_Quinto-1150x600-1-2.jpg\" _builder_version=\"4.0.11\" background_color=\"rgba(0,0,0,0)\" background_enable_color=\"on\" background_enable_image=\"off\" background_position=\"bottom_center\"][\/et_pb_slide][et_pb_slide image=\"https:\/\/www.fincaelquinto.de\/wp-content\/uploads\/2020\/06\/1544095_10153726651040626_488216044_n.jpg\" _builder_version=\"4.0.11\" background_color=\"rgba(0,0,0,0)\" background_enable_color=\"on\" background_enable_image=\"off\" background_position=\"bottom_center\"][\/et_pb_slide][et_pb_slide image=\"https:\/\/www.fincaelquinto.de\/wp-content\/uploads\/2020\/06\/1420543_10153726651090626_1333720290_n.jpg\" _builder_version=\"4.0.11\" background_color=\"rgba(0,0,0,0)\" background_enable_color=\"on\" background_enable_image=\"off\" background_position=\"bottom_center\"][\/et_pb_slide][et_pb_slide image=\"https:\/\/www.fincaelquinto.de\/wp-content\/uploads\/2020\/06\/014Finca_el_Quinto-1150x600-1.jpg\" _builder_version=\"4.0.11\" background_color=\"rgba(0,0,0,0)\" background_enable_color=\"on\" background_enable_image=\"off\" background_position=\"bottom_center\"][\/et_pb_slide][et_pb_slide image=\"https:\/\/www.fincaelquinto.de\/wp-content\/uploads\/2020\/06\/quinto4.jpg\" _builder_version=\"4.0.11\" background_color=\"rgba(0,0,0,0)\" background_enable_color=\"on\" background_enable_image=\"off\" background_position=\"bottom_center\" width=\"70%\"][\/et_pb_slide][et_pb_slide image=\"https:\/\/www.fincaelquinto.de\/wp-content\/uploads\/2020\/06\/quinto3.jpg\" arrows_custom_color=\"#8c8c8c\" _builder_version=\"4.0.11\" background_color=\"rgba(0,0,0,0)\" background_enable_color=\"on\" background_enable_image=\"off\" background_position=\"bottom_center\" width=\"70%\"][\/et_pb_slide][\/et_pb_slider][\/et_pb_column][et_pb_column type=\"1_2\" _builder_version=\"4.0.11\"][et_pb_blurb title=\"Casa Quinto \" content_max_width=\"590px\" _builder_version=\"4.0.11\" header_level=\"h2\" header_font=\"Cormorant Garamond|700||||on|||\" header_text_align=\"center\" header_font_size=\"40px\" header_line_height=\"1.5em\" body_text_align=\"justify\" body_font_size=\"17px\" body_letter_spacing=\"1px\" body_line_height=\"1.8em\" hover_enabled=\"0\" header_font_size_last_edited=\"on|phone\" header_font_size_phone=\"32px\" body_font_size_last_edited=\"on|phone\" body_font_size_phone=\"13px\" width_last_edited=\"on|phone\" width_phone=\"93%\" module_alignment_last_edited=\"on|phone\" module_alignment_phone=\"center\"]\n\n<span>Casa Quinto war das fr\u00fchere Haupthaus der Finca und ist somit auch das gr\u00f6\u00dfte der G\u00e4steh\u00e4user mit zwei Etagen, acht Betten, drei B\u00e4dern und zwei Sonnenterrassen. Die offene K\u00fcche ist gro\u00dfz\u00fcgig und modern ausgestattet. Das Haus ist hochwertig und komfortabel eingerichtet. Ein ger\u00e4umiges Wohn- und Esszimmer mit liebevoller M\u00f6blierung und geschmackvollen Details laden ein zum entspannten Beisammensein. Das obere Doppelzimmer hat ein separates Bad und eine Dachterrasse. Hier habt ihr einen herrlichen Blick \u00fcber das ganze Tal und den Atlantik \u2013 ein wundervoller Start in den Tag oder der richtige Platz, um ein Glas Wein zu genie\u00dfen.<\/span>\n\n[\/et_pb_blurb][et_pb_text _builder_version=\"4.0.11\" text_font=\"|||on|||||\" text_font_size=\"17px\" text_letter_spacing=\"2px\" text_line_height=\"3em\" text_orientation=\"center\" custom_padding=\"28px|||||\" hover_enabled=\"0\" text_font_size_last_edited=\"on|phone\" text_font_size_phone=\"12px\"]\n\nMax. 8 Personen\n\n[\/et_pb_text][et_pb_blurb title=\"Ausstattung\" _builder_version=\"4.0.11\" header_level=\"h3\" header_font=\"Cormorant Garamond|600|||on|on|||\" header_text_align=\"center\" header_font_size=\"35px\" header_letter_spacing=\"1px\" header_line_height=\"1.5em\" body_font=\"||||||||\" body_font_size=\"17px\" body_letter_spacing=\"2px\" body_line_height=\"1.8em\" custom_padding=\"50px|||||\" hover_enabled=\"0\" header_font_size_last_edited=\"on|phone\" header_font_size_phone=\"23px\" body_font_size_last_edited=\"on|phone\" body_font_size_phone=\"13px\"]\n<ul>\n \t<li>1 gro\u00dfer Wohnraum<\/li>\n \t<li>1 gro\u00dfe offene K\u00fcche<\/li>\n \t<li>3 Badezimmer<\/li>\n \t<li>3 Schlafzimmer: Zwei mit Doppelbett und ein\nZimmer mit 4 Einzelbetten<\/li>\n \t<li>1 gro\u00dfe Terrasse mit Meerblick<\/li>\n \t<li>1 Patio<\/li>\n \t<li>Satelliten TV<\/li>\n \t<li>Entsafter\/Mixer f\u00fcr Smoothies mit Produkten frisch vom Feld<\/li>\n \t<li>Je nach Wunsch verschiedene Kaffeemaschinen (Frenchpress, Espresso oder Filter)<\/li>\n \t<li>Bluetooth Radio<\/li>\n \t<li>Satelliten TV<\/li>\n \t<li>Haarf\u00f6hn<\/li>\n \t<li>Handt\u00fccher und Bettw\u00e4sche<\/li>\n<\/ul>\n[\/et_pb_blurb][\/et_pb_column][\/et_pb_row][\/et_pb_section]","_et_gb_content_width":"","footnotes":""},"class_list":["post-4473","page","type-page","status-publish","hentry"],"_links":{"self":[{"href":"https:\/\/www.fincaelquinto.de\/es\/wp-json\/wp\/v2\/pages\/4473","targetHints":{"allow":["GET"]}}],"collection":[{"href":"https:\/\/www.fincaelquinto.de\/es\/wp-json\/wp\/v2\/pages"}],"about":[{"href":"https:\/\/www.fincaelquinto.de\/es\/wp-json\/wp\/v2\/types\/page"}],"author":[{"embeddable":true,"href":"https:\/\/www.fincaelquinto.de\/es\/wp-json\/wp\/v2\/users\/1"}],"replies":[{"embeddable":true,"href":"https:\/\/www.fincaelquinto.de\/es\/wp-json\/wp\/v2\/comments?post=4473"}],"version-history":[{"count":3,"href":"https:\/\/www.fincaelquinto.de\/es\/wp-json\/wp\/v2\/pages\/4473\/revisions"}],"predecessor-version":[{"id":4477,"href":"https:\/\/www.fincaelquinto.de\/es\/wp-json\/wp\/v2\/pages\/4473\/revisions\/4477"}],"wp:attachment":[{"href":"https:\/\/www.fincaelquinto.de\/es\/wp-json\/wp\/v2\/media?parent=4473"}],"curies":[{"name":"wp","href":"https:\/\/api.w.org\/{rel}","templated":true}]}}