{"id":4467,"date":"2020-06-17T18:54:08","date_gmt":"2020-06-17T16:54:08","guid":{"rendered":"https:\/\/www.fincaelquinto.de\/?page_id=4467"},"modified":"2025-04-15T14:12:51","modified_gmt":"2025-04-15T12:12:51","slug":"vincente","status":"publish","type":"page","link":"https:\/\/www.fincaelquinto.de\/es\/vincente\/","title":{"rendered":"Vincente"},"content":{"rendered":"<p>[et_pb_section fb_built=\u00bb1&#8243; _builder_version=\u00bb4.21.0&#8243; background_enable_image=\u00bboff\u00bb custom_margin=\u00bb-23px|||||\u00bb custom_padding=\u00bb76px||6px|||\u00bb global_colors_info=\u00bb{}\u00bb][et_pb_row make_equal=\u00bbon\u00bb _builder_version=\u00bb4.20.0&#8243; background_enable_color=\u00bboff\u00bb background_enable_image=\u00bboff\u00bb background_size=\u00bbcontain\u00bb background_position=\u00bbcenter_left\u00bb width=\u00bb87%\u00bb max_width=\u00bb100%\u00bb custom_padding=\u00bb0px||0px||false|false\u00bb link_option_url=\u00bbwww.fincaelquinto.de\u00bb custom_css_main_element=\u00bbdisplay: flex;||align-items: center;\u00bb global_colors_info=\u00bb{}\u00bb][et_pb_column type=\u00bb4_4&#8243; _builder_version=\u00bb4.16&#8243; global_colors_info=\u00bb{}\u00bb][et_pb_menu menu_id=\u00bb10&#8243; menu_style=\u00bbcentered\u00bb active_link_color=\u00bb#DAC3A9&#8243; dropdown_menu_bg_color=\u00bb#DAC3A9&#8243; dropdown_menu_line_color=\u00bb#FFFFFF\u00bb dropdown_menu_text_color=\u00bb#000000&#8243; dropdown_menu_active_link_color=\u00bb#FFFFFF\u00bb mobile_menu_bg_color=\u00bb#DAC3A9&#8243; mobile_menu_text_color=\u00bb#000000&#8243; logo_max_width=\u00bb41%\u00bb menu_icon_color=\u00bb#000000&#8243; active_link_color_tablet=\u00bb#FFFFFF\u00bb active_link_color_phone=\u00bb#FFFFFF\u00bb active_link_color_last_edited=\u00bbon|phone\u00bb dropdown_menu_line_color_tablet=\u00bb#FFFFFF\u00bb dropdown_menu_line_color_phone=\u00bb#DAC3A9&#8243; dropdown_menu_line_color_last_edited=\u00bbon|phone\u00bb logo_max_width_tablet=\u00bb\u00bb logo_max_width_phone=\u00bb\u00bb logo_max_width_last_edited=\u00bbon|desktop\u00bb _builder_version=\u00bb4.21.0&#8243; menu_font=\u00bbCormorant Garamond||||||||\u00bb menu_text_color=\u00bb#000000&#8243; menu_font_size=\u00bb26px\u00bb menu_line_height=\u00bb1vw\u00bb background_enable_color=\u00bboff\u00bb width=\u00bb100%\u00bb custom_margin=\u00bb||9px||false|false\u00bb custom_padding=\u00bb|0px||0px|false|false\u00bb menu_font_size_last_edited=\u00bboff|phone\u00bb global_colors_info=\u00bb{}\u00bb menu_text_color__hover_enabled=\u00bbon|hover\u00bb menu_text_color__hover=\u00bb#c2ab92&#8243;][\/et_pb_menu][et_pb_social_media_follow icon_color=\u00bb#FFFFFF\u00bb _builder_version=\u00bb4.21.0&#8243; text_orientation=\u00bbcenter\u00bb custom_margin=\u00bb||1px|||\u00bb custom_padding=\u00bb|0px||||\u00bb border_radii=\u00bbon|0px|0px|0px|0px\u00bb border_width_bottom=\u00bb1px\u00bb global_colors_info=\u00bb{}\u00bb][et_pb_social_media_follow_network social_network=\u00bbfacebook\u00bb url=\u00bbhttps:\/\/www.facebook.com\/FincaElQuinto\/\u00bb icon_color=\u00bb#000000&#8243; _builder_version=\u00bb4.21.0&#8243; custom_padding=\u00bb||0.5vw||false|false\u00bb border_color_bottom=\u00bb#FFFFFF\u00bb global_colors_info=\u00bb{}\u00bb follow_button=\u00bboff\u00bb url_new_window=\u00bbon\u00bb]facebook[\/et_pb_social_media_follow_network][et_pb_social_media_follow_network social_network=\u00bbinstagram\u00bb url=\u00bbhttps:\/\/www.instagram.com\/fincaelquinto\/\u00bb icon_color=\u00bb#000000&#8243; _builder_version=\u00bb4.21.0&#8243; custom_padding=\u00bb||0.5vw||false|false\u00bb border_color_bottom=\u00bb#FFFFFF\u00bb global_colors_info=\u00bb{}\u00bb follow_button=\u00bboff\u00bb url_new_window=\u00bbon\u00bb]instagram[\/et_pb_social_media_follow_network][\/et_pb_social_media_follow][\/et_pb_column][\/et_pb_row][\/et_pb_section][et_pb_section fb_built=\u00bb1&#8243; _builder_version=\u00bb4.16&#8243; custom_padding=\u00bb||3px|||\u00bb global_colors_info=\u00bb{}\u00bb][et_pb_row column_structure=\u00bb1_2,1_2&#8243; _builder_version=\u00bb4.16&#8243; width=\u00bb95%\u00bb max_width=\u00bb2560px\u00bb module_alignment=\u00bbcenter\u00bb global_colors_info=\u00bb{}\u00bb][et_pb_column type=\u00bb1_2&#8243; _builder_version=\u00bb4.16&#8243; global_colors_info=\u00bb{}\u00bb][et_pb_image src=\u00bbhttps:\/\/www.fincaelquinto.de\/wp-content\/uploads\/2021\/04\/DSC01219-scaled.jpg\u00bb force_fullwidth=\u00bbon\u00bb _builder_version=\u00bb4.16&#8243; global_colors_info=\u00bb{}\u00bb][\/et_pb_image][\/et_pb_column][et_pb_column type=\u00bb1_2&#8243; _builder_version=\u00bb4.16&#8243; global_colors_info=\u00bb{}\u00bb][et_pb_blurb title=\u00bbCasa Vicente unten \u00bb content_max_width=\u00bb590px\u00bb _builder_version=\u00bb4.16&#8243; header_level=\u00bbh2&#8243; header_font=\u00bbCormorant Garamond|700||||on|||\u00bb header_text_align=\u00bbcenter\u00bb header_font_size=\u00bb40px\u00bb header_line_height=\u00bb1.5em\u00bb body_text_align=\u00bbjustify\u00bb body_font_size=\u00bb17px\u00bb body_letter_spacing=\u00bb1px\u00bb body_line_height=\u00bb1.8em\u00bb width_tablet=\u00bb\u00bb width_phone=\u00bb94%\u00bb width_last_edited=\u00bbon|phone\u00bb header_font_size_tablet=\u00bb\u00bb header_font_size_phone=\u00bb28px\u00bb header_font_size_last_edited=\u00bbon|phone\u00bb body_font_size_tablet=\u00bb\u00bb body_font_size_phone=\u00bb13px\u00bb body_font_size_last_edited=\u00bbon|phone\u00bb module_alignment_tablet=\u00bb\u00bb module_alignment_phone=\u00bbcenter\u00bb module_alignment_last_edited=\u00bbon|phone\u00bb global_colors_info=\u00bb{}\u00bb]<\/p>\n<p><span>Die untere Vicente Wohnung liegt inmitten von Orangenb\u00e4umen und bietet einen herrlichen Blick \u00fcber die ganze Finca bis hin zum Atlantik. Das Appartement verf\u00fcgt \u00fcber einen gro\u00dfz\u00fcgigen Wohnraum mit komplett ausgestatteter K\u00fcche, gem\u00fctlicher Essecke und einer Sitzgruppe. Es gibt zwei Schlafzimmer f\u00fcr jeweils zwei Personen und ein\u00a0 Bad mit Dusche. Die gro\u00dfe Terrasse mit Garrenm\u00f6beln und Sonnenliegen l\u00e4dt ein die Sonne zu genie\u00dfen.<\/span><\/p>\n<p>[\/et_pb_blurb][et_pb_text _builder_version=\u00bb4.16&#8243; text_font=\u00bb|||on|||||\u00bb text_font_size=\u00bb16px\u00bb text_letter_spacing=\u00bb2px\u00bb text_line_height=\u00bb3em\u00bb text_orientation=\u00bbcenter\u00bb custom_margin=\u00bb||-2px|||\u00bb custom_padding=\u00bb28px|||||\u00bb text_font_size_tablet=\u00bb\u00bb text_font_size_phone=\u00bb12px\u00bb text_font_size_last_edited=\u00bbon|phone\u00bb global_colors_info=\u00bb{}\u00bb]<\/p>\n<p>Max. 4 Personen<\/p>\n<p>[\/et_pb_text][et_pb_text _builder_version=\u00bb4.16&#8243; text_font=\u00bb|||on|||||\u00bb text_font_size=\u00bb16px\u00bb text_letter_spacing=\u00bb2px\u00bb text_line_height=\u00bb3em\u00bb text_orientation=\u00bbcenter\u00bb custom_padding=\u00bb28px|||||\u00bb text_font_size_tablet=\u00bb\u00bb text_font_size_phone=\u00bb12px\u00bb text_font_size_last_edited=\u00bbon|phone\u00bb global_colors_info=\u00bb{}\u00bb]<\/p>\n<p>95\u20ac\/Tag plus eine Endreinigung von einem Tagessatz, zzgl. 7% Mwst.<\/p>\n<p>[\/et_pb_text][\/et_pb_column][\/et_pb_row][\/et_pb_section][et_pb_section fb_built=\u00bb1&#8243; _builder_version=\u00bb4.21.0&#8243; _module_preset=\u00bbdefault\u00bb custom_margin_tablet=\u00bb100px||100px||false|false\u00bb custom_margin_phone=\u00bb100px||100px||false|false\u00bb custom_margin_last_edited=\u00bbon|tablet\u00bb global_colors_info=\u00bb{}\u00bb][et_pb_row column_structure=\u00bb1_2,1_2&#8243; disabled_on=\u00bbon|on|off\u00bb _builder_version=\u00bb4.21.0&#8243; _module_preset=\u00bbdefault\u00bb global_colors_info=\u00bb{}\u00bb][et_pb_column type=\u00bb1_2&#8243; _builder_version=\u00bb4.21.0&#8243; _module_preset=\u00bbdefault\u00bb global_colors_info=\u00bb{}\u00bb][et_pb_image src=\u00bbhttps:\/\/www.fincaelquinto.de\/wp-content\/uploads\/2021\/04\/DSC01212-scaled.jpg\u00bb _builder_version=\u00bb4.16&#8243; global_colors_info=\u00bb{}\u00bb][\/et_pb_image][\/et_pb_column][et_pb_column type=\u00bb1_2&#8243; _builder_version=\u00bb4.21.0&#8243; _module_preset=\u00bbdefault\u00bb global_colors_info=\u00bb{}\u00bb][et_pb_image src=\u00bbhttps:\/\/www.fincaelquinto.de\/wp-content\/uploads\/2021\/04\/DSC01234-scaled.jpg\u00bb _builder_version=\u00bb4.16&#8243; global_colors_info=\u00bb{}\u00bb][\/et_pb_image][\/et_pb_column][\/et_pb_row][et_pb_row column_structure=\u00bb1_2,1_2&#8243; disabled_on=\u00bboff|off|on\u00bb _builder_version=\u00bb4.21.0&#8243; _module_preset=\u00bbdefault\u00bb scroll_horizontal_motion=\u00bb0|50|50|100|0|0|-4&#8243; global_colors_info=\u00bb{}\u00bb][et_pb_column type=\u00bb1_2&#8243; _builder_version=\u00bb4.21.0&#8243; _module_preset=\u00bbdefault\u00bb global_colors_info=\u00bb{}\u00bb][et_pb_image src=\u00bbhttps:\/\/www.fincaelquinto.de\/wp-content\/uploads\/2021\/04\/DSC01212-scaled.jpg\u00bb _builder_version=\u00bb4.21.0&#8243; scroll_horizontal_motion_enable=\u00bbon\u00bb scroll_horizontal_motion=\u00bb0|50|50|100|0|0|-4&#8243; global_colors_info=\u00bb{}\u00bb][\/et_pb_image][\/et_pb_column][et_pb_column type=\u00bb1_2&#8243; _builder_version=\u00bb4.21.0&#8243; _module_preset=\u00bbdefault\u00bb global_colors_info=\u00bb{}\u00bb][et_pb_image src=\u00bbhttps:\/\/www.fincaelquinto.de\/wp-content\/uploads\/2021\/04\/DSC01234-scaled.jpg\u00bb _builder_version=\u00bb4.21.0&#8243; scroll_horizontal_motion_enable=\u00bbon\u00bb scroll_horizontal_motion=\u00bb0|50|50|100|0|0|4&#8243; global_colors_info=\u00bb{}\u00bb][\/et_pb_image][\/et_pb_column][\/et_pb_row][\/et_pb_section][et_pb_section fb_built=\u00bb1&#8243; _builder_version=\u00bb4.21.0&#8243; _module_preset=\u00bbdefault\u00bb custom_margin_tablet=\u00bb\u00bb custom_margin_phone=\u00bb||||false|false\u00bb custom_margin_last_edited=\u00bbon|phone\u00bb global_colors_info=\u00bb{}\u00bb][et_pb_row column_structure=\u00bb1_2,1_2&#8243; disabled_on=\u00bbon|on|off\u00bb _builder_version=\u00bb4.21.0&#8243; _module_preset=\u00bbdefault\u00bb global_colors_info=\u00bb{}\u00bb][et_pb_column type=\u00bb1_2&#8243; _builder_version=\u00bb4.21.0&#8243; _module_preset=\u00bbdefault\u00bb global_colors_info=\u00bb{}\u00bb][et_pb_blurb title=\u00bbAusstattung\u00bb _builder_version=\u00bb4.16&#8243; header_level=\u00bbh3&#8243; header_font=\u00bbCormorant Garamond|600|||on|on|||\u00bb header_text_align=\u00bbcenter\u00bb header_font_size=\u00bb35px\u00bb header_letter_spacing=\u00bb1px\u00bb header_line_height=\u00bb1.5em\u00bb body_font=\u00bb||||||||\u00bb body_font_size=\u00bb17px\u00bb body_letter_spacing=\u00bb2px\u00bb body_line_height=\u00bb1.8em\u00bb custom_padding=\u00bb50px|||||\u00bb header_font_size_tablet=\u00bb\u00bb header_font_size_phone=\u00bb22px\u00bb header_font_size_last_edited=\u00bbon|phone\u00bb body_font_size_tablet=\u00bb\u00bb body_font_size_phone=\u00bb13px\u00bb body_font_size_last_edited=\u00bbon|phone\u00bb global_colors_info=\u00bb{}\u00bb]<\/p>\n<ul>\n<li>Schlafzimmer mit Doppelbett (160&#215;200)<\/li>\n<li>Schlafzimmer mit zwei Einzelbetten oder Doppelbett (180&#215;200)<\/li>\n<li>Badezimmer mit Dusche\/WC<\/li>\n<li>Wohnbereich mit gem\u00fctlicher Sitzecke<\/li>\n<li>Komplett ausgesttatete K\u00fcche mit Essecke<\/li>\n<li>Verschiedene Kaffeemaschinen (Frenchpress, Espresso oder Filter)<span style=\"font-size: 17px;\">\u00a0<\/span><\/li>\n<li>Satelliten TV<\/li>\n<li>Schnelles und stabiles Wifi<\/li>\n<li>Haarf\u00f6hn<\/li>\n<li>Handt\u00fccher und Bettw\u00e4sche<\/li>\n<li>Shampoo, Duschgel, Handseife, Sp\u00fclmittel (biologisch abbaubar)<\/li>\n<li>Terasse mit Blick auf Berglandschaft, Finca und Atlantik<\/li>\n<li>Sonnenliegen<\/li>\n<\/ul>\n<p>[\/et_pb_blurb][\/et_pb_column][et_pb_column type=\u00bb1_2&#8243; _builder_version=\u00bb4.21.0&#8243; _module_preset=\u00bbdefault\u00bb global_colors_info=\u00bb{}\u00bb][et_pb_blurb title=\u00bbAuf Nachfrage\u00bb _builder_version=\u00bb4.21.0&#8243; header_level=\u00bbh3&#8243; header_font=\u00bbCormorant Garamond|600|||on|on|||\u00bb header_text_align=\u00bbcenter\u00bb header_font_size=\u00bb35px\u00bb header_letter_spacing=\u00bb1px\u00bb header_line_height=\u00bb1.5em\u00bb body_font=\u00bb||||||||\u00bb body_font_size=\u00bb17px\u00bb body_letter_spacing=\u00bb2px\u00bb body_line_height=\u00bb1.8em\u00bb custom_padding=\u00bb50px|||||\u00bb header_font_size_tablet=\u00bb\u00bb header_font_size_phone=\u00bb22px\u00bb header_font_size_last_edited=\u00bbon|phone\u00bb body_font_size_tablet=\u00bb\u00bb body_font_size_phone=\u00bb13px\u00bb body_font_size_last_edited=\u00bbon|phone\u00bb global_colors_info=\u00bb{}\u00bb]<\/p>\n<ul>\n<li>Mixer und Entsafter<\/li>\n<li>Grill<\/li>\n<li>Bluetooth Speaker<\/li>\n<li>Babybett und Hochstuhl<\/li>\n<li>Strandhandt\u00fccher<\/li>\n<li>Strandschirme<\/li>\n<li>Strandspielzeug<\/li>\n<li>Tauchbrillen und Flossen<\/li>\n<li>Kinderspielzeug<\/li>\n<li>B\u00fccher aus unserer Bibliothek<\/li>\n<li>Reise- und Wanderf\u00fchrer<\/li>\n<li>Yogamatte<\/li>\n<\/ul>\n<p>[\/et_pb_blurb][\/et_pb_column][\/et_pb_row][et_pb_row column_structure=\u00bb1_2,1_2&#8243; disabled_on=\u00bboff|off|on\u00bb _builder_version=\u00bb4.21.0&#8243; _module_preset=\u00bbdefault\u00bb global_colors_info=\u00bb{}\u00bb][et_pb_column type=\u00bb1_2&#8243; _builder_version=\u00bb4.21.0&#8243; _module_preset=\u00bbdefault\u00bb global_colors_info=\u00bb{}\u00bb][et_pb_blurb title=\u00bbAusstattung\u00bb _builder_version=\u00bb4.21.0&#8243; header_level=\u00bbh3&#8243; header_font=\u00bbCormorant Garamond|600|||on|on|||\u00bb header_text_align=\u00bbcenter\u00bb header_font_size=\u00bb35px\u00bb header_letter_spacing=\u00bb1px\u00bb header_line_height=\u00bb1.5em\u00bb body_font=\u00bb||||||||\u00bb body_font_size=\u00bb17px\u00bb body_letter_spacing=\u00bb2px\u00bb body_line_height=\u00bb1.8em\u00bb custom_padding=\u00bb50px|||||\u00bb scroll_horizontal_motion_enable=\u00bbon\u00bb scroll_horizontal_motion=\u00bb0|50|50|100|0|0|-4&#8243; header_font_size_tablet=\u00bb\u00bb header_font_size_phone=\u00bb22px\u00bb header_font_size_last_edited=\u00bbon|phone\u00bb body_font_size_tablet=\u00bb\u00bb body_font_size_phone=\u00bb13px\u00bb body_font_size_last_edited=\u00bbon|phone\u00bb global_colors_info=\u00bb{}\u00bb]<\/p>\n<ul>\n<li>Schlafzimmer mit Doppelbett (160&#215;200)<\/li>\n<li>Schlafzimmer mit zwei Einzelbetten oder Doppelbett (180&#215;200)<\/li>\n<li>Badezimmer mit Dusche\/WC<\/li>\n<li>Wohnbereich mit gem\u00fctlicher Sitzecke<\/li>\n<li>Komplett ausgesttatete K\u00fcche mit Essecke<\/li>\n<li>Verschiedene Kaffeemaschinen (Frenchpress, Espresso oder Filter)<span style=\"font-size: 17px;\">\u00a0<\/span><\/li>\n<li>Satelliten TV<\/li>\n<li>Schnelles und stabiles Wifi<\/li>\n<li>Haarf\u00f6hn<\/li>\n<li>Handt\u00fccher und Bettw\u00e4sche<\/li>\n<li>Shampoo, Duschgel, Handseife, Sp\u00fclmittel (biologisch abbaubar)<\/li>\n<li>Terasse mit Blick auf Berglandschaft, Finca und Atlantik<\/li>\n<li>Sonnenliegen<\/li>\n<\/ul>\n<p>[\/et_pb_blurb][\/et_pb_column][et_pb_column type=\u00bb1_2&#8243; _builder_version=\u00bb4.21.0&#8243; _module_preset=\u00bbdefault\u00bb global_colors_info=\u00bb{}\u00bb][et_pb_blurb title=\u00bbAuf Nachfrage\u00bb _builder_version=\u00bb4.21.0&#8243; _module_preset=\u00bbdefault\u00bb header_level=\u00bbh3&#8243; header_font=\u00bbCormorant Garamond|600|||on|on|||\u00bb header_text_align=\u00bbcenter\u00bb header_font_size=\u00bb34px\u00bb body_font=\u00bb||||||||\u00bb body_font_size=\u00bb17px\u00bb body_letter_spacing=\u00bb2px\u00bb body_line_height=\u00bb1.8em\u00bb custom_padding=\u00bb44px|||||\u00bb scroll_horizontal_motion_enable=\u00bbon\u00bb scroll_horizontal_motion=\u00bb0|50|50|100|0|0|4&#8243; header_font_size_tablet=\u00bb\u00bb header_font_size_phone=\u00bb22px\u00bb header_font_size_last_edited=\u00bbon|phone\u00bb global_module=\u00bb9643&#8243; saved_tabs=\u00bball\u00bb global_colors_info=\u00bb{}\u00bb]<\/p>\n<ul>\n<li>Mixer und Entsafter<\/li>\n<li>Grill<\/li>\n<li>Bluetooth Speaker<\/li>\n<li>Babybett und Hochstuhl<\/li>\n<li>Strandhandt\u00fccher<\/li>\n<li>Strandschirme<\/li>\n<li>Strandspielzeug<\/li>\n<li>Tauchbrillen und Flossen<\/li>\n<li>Kinderspielzeug<\/li>\n<li>B\u00fccher aus unserer Bibliothek<\/li>\n<li>Reise- und Wanderf\u00fchrer<\/li>\n<li>Yogamatten<\/li>\n<\/ul>\n<p>[\/et_pb_blurb][\/et_pb_column][\/et_pb_row][\/et_pb_section][et_pb_section fb_built=\u00bb1&#8243; _builder_version=\u00bb4.21.0&#8243; _module_preset=\u00bbdefault\u00bb global_colors_info=\u00bb{}\u00bb][et_pb_row _builder_version=\u00bb4.21.0&#8243; _module_preset=\u00bbdefault\u00bb width=\u00bb95%\u00bb custom_margin_tablet=\u00bb100px||100px||false|false\u00bb custom_margin_phone=\u00bb100px||||false|false\u00bb custom_margin_last_edited=\u00bbon|tablet\u00bb global_colors_info=\u00bb{}\u00bb][et_pb_column type=\u00bb4_4&#8243; _builder_version=\u00bb4.21.0&#8243; _module_preset=\u00bbdefault\u00bb global_colors_info=\u00bb{}\u00bb][et_pb_gallery gallery_ids=\u00bb7876,7884,7864,7868,7872,7904,7892,7896&#8243; fullwidth=\u00bbon\u00bb _builder_version=\u00bb4.21.0&#8243; width=\u00bb50%\u00bb width_tablet=\u00bb50%\u00bb width_phone=\u00bb100%\u00bb width_last_edited=\u00bbon|phone\u00bb max_width=\u00bb100%\u00bb module_alignment=\u00bbcenter\u00bb global_colors_info=\u00bb{}\u00bb][\/et_pb_gallery][\/et_pb_column][\/et_pb_row][\/et_pb_section][et_pb_section fb_built=\u00bb1&#8243; _builder_version=\u00bb4.21.0&#8243; _module_preset=\u00bbdefault\u00bb global_colors_info=\u00bb{}\u00bb][et_pb_row column_structure=\u00bb1_3,1_3,1_3&#8243; _builder_version=\u00bb4.16&#8243; custom_padding=\u00bb25.6px|0px|0px|0px\u00bb global_colors_info=\u00bb{}\u00bb][et_pb_column type=\u00bb1_3&#8243; _builder_version=\u00bb4.16&#8243; custom_padding=\u00bb|||\u00bb global_colors_info=\u00bb{}\u00bb custom_padding__hover=\u00bb|||\u00bb][et_pb_blurb title=\u00bbKontakt\u00bb _builder_version=\u00bb4.21.0&#8243; _module_preset=\u00bbdefault\u00bb header_level=\u00bbh1&#8243; header_font=\u00bbCormorant Garamond|||on|||||\u00bb header_text_color=\u00bb#DAC3A9&#8243; body_font=\u00bbCormorant Garamond||||||||\u00bb body_text_color=\u00bb#000000&#8243; body_font_size=\u00bb17px\u00bb body_line_height=\u00bb0.5em\u00bb header_font_size_tablet=\u00bb\u00bb header_font_size_phone=\u00bb20px\u00bb header_font_size_last_edited=\u00bbon|phone\u00bb body_font_size_tablet=\u00bb17px\u00bb body_font_size_phone=\u00bb15px\u00bb body_font_size_last_edited=\u00bbon|phone\u00bb global_colors_info=\u00bb{}\u00bb]<\/p>\n<p>Caserio Los Quintos 37<\/p>\n<p>38416 Los Realejos<\/p>\n<p>S\/C de Tenerife<\/p>\n<p>Spain<\/p>\n<p>[\/et_pb_blurb][\/et_pb_column][et_pb_column type=\u00bb1_3&#8243; _builder_version=\u00bb4.21.0&#8243; _module_preset=\u00bbdefault\u00bb global_colors_info=\u00bb{}\u00bb][et_pb_blurb title=\u00bbBuchungen &#038; Anfragen\u00bb _builder_version=\u00bb4.21.0&#8243; _module_preset=\u00bbdefault\u00bb header_level=\u00bbh1&#8243; header_font=\u00bbCormorant Garamond|||on|||||\u00bb header_text_color=\u00bb#DAC3A9&#8243; body_font=\u00bbCormorant Garamond||||||||\u00bb body_text_color=\u00bb#000000&#8243; body_font_size=\u00bb17px\u00bb body_line_height=\u00bb0.5em\u00bb custom_padding=\u00bb||0px|||\u00bb header_font_size_tablet=\u00bb\u00bb header_font_size_phone=\u00bb20px\u00bb header_font_size_last_edited=\u00bbon|phone\u00bb body_font_size_tablet=\u00bb17px\u00bb body_font_size_phone=\u00bb15px\u00bb body_font_size_last_edited=\u00bbon|phone\u00bb global_colors_info=\u00bb{}\u00bb]<\/p>\n<p><span style=\"color: #000000;\">i<a href=\"mailto:nfo@elquinto.co.uk\" style=\"color: #000000;\">nfo@elquinto.co.uk<\/a>\u00a0<\/span><span style=\"color: #000000;\"><\/span><\/p>\n<p><span style=\"color: #000000;\">(+34) 922345002<\/span><\/p>\n<p><a href=\"https:\/\/www.fincaelquinto.de\/wp-content\/uploads\/2021\/03\/Allgemeine-Gesch\u00e4ftsbedingungen.pdf\"><span style=\"color: #000000;\">AGB<\/span><\/a><span style=\"color: #000000;\"><\/span><span style=\"color: #000000;\"><\/span><\/p>\n<p><span style=\"color: #000000;\"><\/span><\/p>\n<p>&nbsp;<\/p>\n<p>[\/et_pb_blurb][\/et_pb_column][et_pb_column type=\u00bb1_3&#8243; _builder_version=\u00bb4.16&#8243; custom_padding=\u00bb|||\u00bb global_colors_info=\u00bb{}\u00bb custom_padding__hover=\u00bb|||\u00bb][et_pb_blurb title=\u00bbSocial Media\u00bb _builder_version=\u00bb4.21.0&#8243; _module_preset=\u00bbdefault\u00bb header_level=\u00bbh1&#8243; header_font=\u00bbCormorant Garamond|||on|||||\u00bb header_text_color=\u00bb#DAC3A9&#8243; body_font=\u00bbCormorant Garamond||||||||\u00bb body_text_color=\u00bb#000000&#8243; body_font_size=\u00bb17px\u00bb body_line_height=\u00bb0.5em\u00bb custom_padding=\u00bb||0px|||\u00bb header_font_size_tablet=\u00bb\u00bb header_font_size_phone=\u00bb20px\u00bb header_font_size_last_edited=\u00bbon|phone\u00bb global_colors_info=\u00bb{}\u00bb][\/et_pb_blurb][et_pb_social_media_follow _builder_version=\u00bb4.21.0&#8243; text_orientation=\u00bbleft\u00bb max_width=\u00bb98%\u00bb max_width_tablet=\u00bb\u00bb max_width_phone=\u00bb100%\u00bb max_width_last_edited=\u00bbon|tablet\u00bb module_alignment=\u00bbcenter\u00bb text_orientation_tablet=\u00bbcenter\u00bb text_orientation_phone=\u00bbleft\u00bb text_orientation_last_edited=\u00bbon|phone\u00bb border_radii=\u00bbon|100%|100%|100%|100%\u00bb link_shape=\u00bbcircle\u00bb global_colors_info=\u00bb{}\u00bb][et_pb_social_media_follow_network social_network=\u00bbfacebook\u00bb url=\u00bbhttps:\/\/www.facebook.com\/FincaElQuinto\/\u00bb _builder_version=\u00bb4.16&#8243; background_color=\u00bb#494949&#8243; bg_color=\u00bb#494949&#8243; global_colors_info=\u00bb{}\u00bb follow_button=\u00bboff\u00bb url_new_window=\u00bbon\u00bb]facebook[\/et_pb_social_media_follow_network][et_pb_social_media_follow_network social_network=\u00bbinstagram\u00bb url=\u00bbhttps:\/\/www.instagram.com\/fincaelquinto\/\u00bb _builder_version=\u00bb4.16&#8243; background_color=\u00bb#4f4f4f\u00bb bg_color=\u00bb#4f4f4f\u00bb global_colors_info=\u00bb{}\u00bb follow_button=\u00bboff\u00bb url_new_window=\u00bbon\u00bb]instagram[\/et_pb_social_media_follow_network][\/et_pb_social_media_follow][\/et_pb_column][\/et_pb_row][\/et_pb_section][et_pb_section fb_built=\u00bb1&#8243; fullwidth=\u00bbon\u00bb _builder_version=\u00bb4.16&#8243; background_color=\u00bb#000000&#8243; custom_padding=\u00bb0px|0px|0px|0px\u00bb global_colors_info=\u00bb{}\u00bb][et_pb_fullwidth_header _builder_version=\u00bb4.16&#8243; title_font=\u00bb||||||||\u00bb title_text_align=\u00bbleft\u00bb content_font=\u00bbCardo||||||||\u00bb content_text_align=\u00bbcenter\u00bb content_text_color=\u00bb#ffffff\u00bb background_color=\u00bbrgba(255,255,255,0)\u00bb use_background_color_gradient=\u00bbon\u00bb background_color_gradient_stops=\u00bbrgba(0,0,0,0.9) 0%|#000000 100%\u00bb background_color_gradient_start=\u00bbrgba(0,0,0,0.9)\u00bb background_color_gradient_end=\u00bb#000000&#8243; background_layout=\u00bblight\u00bb content_font_size_tablet=\u00bb9px\u00bb content_font_size_phone=\u00bb9px\u00bb content_font_size_last_edited=\u00bbon|tablet\u00bb global_colors_info=\u00bb{}\u00bb button_one_text_size__hover_enabled=\u00bboff\u00bb button_two_text_size__hover_enabled=\u00bboff\u00bb button_one_text_color__hover_enabled=\u00bboff\u00bb button_two_text_color__hover_enabled=\u00bboff\u00bb button_one_border_width__hover_enabled=\u00bboff\u00bb button_two_border_width__hover_enabled=\u00bboff\u00bb button_one_border_color__hover_enabled=\u00bboff\u00bb button_two_border_color__hover_enabled=\u00bboff\u00bb button_one_border_radius__hover_enabled=\u00bboff\u00bb button_two_border_radius__hover_enabled=\u00bboff\u00bb button_one_letter_spacing__hover_enabled=\u00bboff\u00bb button_two_letter_spacing__hover_enabled=\u00bboff\u00bb button_one_bg_color__hover_enabled=\u00bboff\u00bb button_two_bg_color__hover_enabled=\u00bboff\u00bb]<\/p>\n<p>\u00a9 2024 Finca el Quinto All Rights Reserved.<\/p>\n<p style=\"text-align: center;\">\n<p style=\"text-align: center;\">Caserio los Quintos 37, 38410 Los Realejos<\/p>\n<p style=\"text-align: center;\">S\/C de Tenerife<\/p>\n<p style=\"text-align: center;\">Islas Canarias<\/p>\n<p style=\"text-align: center;\">\n<p style=\"text-align: center;\">0034922345002<\/p>\n<p style=\"text-align: center;\">info@elquinto.co.uk<\/p>\n<p>[\/et_pb_fullwidth_header][\/et_pb_section]<\/p>\n","protected":false},"excerpt":{"rendered":"<p>Die untere Vicente Wohnung liegt inmitten von Orangenb\u00e4umen und bietet einen herrlichen Blick \u00fcber die ganze Finca bis hin zum Atlantik. Das Appartement verf\u00fcgt \u00fcber einen gro\u00dfz\u00fcgigen Wohnraum mit komplett ausgestatteter K\u00fcche, gem\u00fctlicher Essecke und einer Sitzgruppe. Es gibt zwei Schlafzimmer f\u00fcr jeweils zwei Personen und ein\u00a0 Bad mit Dusche. Die gro\u00dfe Terrasse mit Garrenm\u00f6beln [&hellip;]<\/p>\n","protected":false},"author":1,"featured_media":0,"parent":0,"menu_order":0,"comment_status":"closed","ping_status":"closed","template":"page-template-blank.php","meta":{"_et_pb_use_builder":"on","_et_pb_old_content":"","_et_gb_content_width":"","footnotes":""},"class_list":["post-4467","page","type-page","status-publish","hentry"],"_links":{"self":[{"href":"https:\/\/www.fincaelquinto.de\/es\/wp-json\/wp\/v2\/pages\/4467","targetHints":{"allow":["GET"]}}],"collection":[{"href":"https:\/\/www.fincaelquinto.de\/es\/wp-json\/wp\/v2\/pages"}],"about":[{"href":"https:\/\/www.fincaelquinto.de\/es\/wp-json\/wp\/v2\/types\/page"}],"author":[{"embeddable":true,"href":"https:\/\/www.fincaelquinto.de\/es\/wp-json\/wp\/v2\/users\/1"}],"replies":[{"embeddable":true,"href":"https:\/\/www.fincaelquinto.de\/es\/wp-json\/wp\/v2\/comments?post=4467"}],"version-history":[{"count":25,"href":"https:\/\/www.fincaelquinto.de\/es\/wp-json\/wp\/v2\/pages\/4467\/revisions"}],"predecessor-version":[{"id":11208,"href":"https:\/\/www.fincaelquinto.de\/es\/wp-json\/wp\/v2\/pages\/4467\/revisions\/11208"}],"wp:attachment":[{"href":"https:\/\/www.fincaelquinto.de\/es\/wp-json\/wp\/v2\/media?parent=4467"}],"curies":[{"name":"wp","href":"https:\/\/api.w.org\/{rel}","templated":true}]}}