{"id":8820,"date":"2020-06-17T12:37:58","date_gmt":"2020-06-17T10:37:58","guid":{"rendered":"https:\/\/www.fincaelquinto.de\/palmera\/"},"modified":"2025-04-15T14:13:54","modified_gmt":"2025-04-15T12:13:54","slug":"palmera","status":"publish","type":"page","link":"https:\/\/www.fincaelquinto.de\/en\/palmera\/","title":{"rendered":"Palmera"},"content":{"rendered":"<p>[et_pb_section fb_built=&#8221;1&#8243; _builder_version=&#8221;4.21.0&#8243; background_enable_image=&#8221;off&#8221; custom_margin=&#8221;-23px|||||&#8221; custom_padding=&#8221;76px||6px|||&#8221; global_colors_info=&#8221;{}&#8221;][et_pb_row make_equal=&#8221;on&#8221; _builder_version=&#8221;4.20.0&#8243; background_enable_color=&#8221;off&#8221; background_enable_image=&#8221;off&#8221; background_size=&#8221;contain&#8221; background_position=&#8221;center_left&#8221; width=&#8221;87%&#8221; max_width=&#8221;100%&#8221; custom_padding=&#8221;0px||0px||false|false&#8221; link_option_url=&#8221;www.fincaelquinto.de&#8221; custom_css_main_element=&#8221;display: flex;||align-items: center;&#8221; global_colors_info=&#8221;{}&#8221;][et_pb_column type=&#8221;4_4&#8243; _builder_version=&#8221;4.16&#8243; global_colors_info=&#8221;{}&#8221;][et_pb_menu menu_id=&#8221;10&#8243; menu_style=&#8221;centered&#8221; active_link_color=&#8221;#DAC3A9&#8243; dropdown_menu_bg_color=&#8221;#DAC3A9&#8243; dropdown_menu_line_color=&#8221;#FFFFFF&#8221; dropdown_menu_text_color=&#8221;#000000&#8243; dropdown_menu_active_link_color=&#8221;#FFFFFF&#8221; mobile_menu_bg_color=&#8221;#DAC3A9&#8243; mobile_menu_text_color=&#8221;#000000&#8243; logo_max_width=&#8221;41%&#8221; menu_icon_color=&#8221;#000000&#8243; active_link_color_tablet=&#8221;#FFFFFF&#8221; active_link_color_phone=&#8221;#FFFFFF&#8221; active_link_color_last_edited=&#8221;on|phone&#8221; dropdown_menu_line_color_tablet=&#8221;#FFFFFF&#8221; dropdown_menu_line_color_phone=&#8221;#DAC3A9&#8243; dropdown_menu_line_color_last_edited=&#8221;on|phone&#8221; logo_max_width_tablet=&#8221;&#8221; logo_max_width_phone=&#8221;&#8221; logo_max_width_last_edited=&#8221;on|desktop&#8221; _builder_version=&#8221;4.21.0&#8243; menu_font=&#8221;Cormorant Garamond||||||||&#8221; menu_text_color=&#8221;#000000&#8243; menu_font_size=&#8221;26px&#8221; menu_line_height=&#8221;1vw&#8221; background_enable_color=&#8221;off&#8221; width=&#8221;100%&#8221; custom_margin=&#8221;||9px||false|false&#8221; custom_padding=&#8221;|0px||0px|false|false&#8221; menu_font_size_last_edited=&#8221;off|phone&#8221; global_colors_info=&#8221;{}&#8221; menu_text_color__hover_enabled=&#8221;on|hover&#8221; menu_text_color__hover=&#8221;#c2ab92&#8243;][\/et_pb_menu][et_pb_social_media_follow icon_color=&#8221;#FFFFFF&#8221; _builder_version=&#8221;4.21.0&#8243; text_orientation=&#8221;center&#8221; custom_margin=&#8221;||1px|||&#8221; custom_padding=&#8221;|0px||||&#8221; border_radii=&#8221;on|0px|0px|0px|0px&#8221; border_width_bottom=&#8221;1px&#8221; global_colors_info=&#8221;{}&#8221;][et_pb_social_media_follow_network social_network=&#8221;facebook&#8221; url=&#8221;https:\/\/www.facebook.com\/FincaElQuinto\/&#8221; icon_color=&#8221;#000000&#8243; _builder_version=&#8221;4.21.0&#8243; custom_padding=&#8221;||0.5vw||false|false&#8221; border_color_bottom=&#8221;#FFFFFF&#8221; global_colors_info=&#8221;{}&#8221; follow_button=&#8221;off&#8221; url_new_window=&#8221;on&#8221;]facebook[\/et_pb_social_media_follow_network][et_pb_social_media_follow_network social_network=&#8221;instagram&#8221; url=&#8221;https:\/\/www.instagram.com\/fincaelquinto\/&#8221; icon_color=&#8221;#000000&#8243; _builder_version=&#8221;4.21.0&#8243; custom_padding=&#8221;||0.5vw||false|false&#8221; border_color_bottom=&#8221;#FFFFFF&#8221; global_colors_info=&#8221;{}&#8221; follow_button=&#8221;off&#8221; url_new_window=&#8221;on&#8221;]instagram[\/et_pb_social_media_follow_network][\/et_pb_social_media_follow][\/et_pb_column][\/et_pb_row][\/et_pb_section][et_pb_section fb_built=&#8221;1&#8243; _builder_version=&#8221;4.16&#8243; custom_padding=&#8221;||3px|||&#8221; global_colors_info=&#8221;{}&#8221;][et_pb_row column_structure=&#8221;1_2,1_2&#8243; _builder_version=&#8221;4.16&#8243; width=&#8221;95%&#8221; max_width=&#8221;2560px&#8221; module_alignment=&#8221;center&#8221; global_colors_info=&#8221;{}&#8221;][et_pb_column type=&#8221;1_2&#8243; _builder_version=&#8221;4.16&#8243; global_colors_info=&#8221;{}&#8221;][et_pb_image src=&#8221;https:\/\/www.fincaelquinto.de\/wp-content\/uploads\/2021\/04\/DSC01254-scaled.jpg&#8221; title_text=&#8221;DSC01254&#8243; force_fullwidth=&#8221;on&#8221; _builder_version=&#8221;4.21.0&#8243; global_colors_info=&#8221;{}&#8221;][\/et_pb_image][\/et_pb_column][et_pb_column type=&#8221;1_2&#8243; _builder_version=&#8221;4.16&#8243; global_colors_info=&#8221;{}&#8221;][et_pb_blurb title=&#8221;Untere Casa Palmera &#8221; content_max_width=&#8221;590px&#8221; _builder_version=&#8221;4.21.0&#8243; header_level=&#8221;h2&#8243; header_font=&#8221;Cormorant Garamond|700||||on|||&#8221; header_text_align=&#8221;center&#8221; header_font_size=&#8221;40px&#8221; header_line_height=&#8221;1.5em&#8221; body_text_align=&#8221;justify&#8221; body_font_size=&#8221;17px&#8221; body_letter_spacing=&#8221;1px&#8221; body_line_height=&#8221;1.8em&#8221; width_tablet=&#8221;&#8221; width_phone=&#8221;94%&#8221; width_last_edited=&#8221;on|phone&#8221; header_font_size_tablet=&#8221;&#8221; header_font_size_phone=&#8221;28px&#8221; header_font_size_last_edited=&#8221;on|phone&#8221; body_font_size_tablet=&#8221;&#8221; body_font_size_phone=&#8221;13px&#8221; body_font_size_last_edited=&#8221;on|phone&#8221; module_alignment_tablet=&#8221;&#8221; module_alignment_phone=&#8221;center&#8221; module_alignment_last_edited=&#8221;on|phone&#8221; global_colors_info=&#8221;{}&#8221;]<\/p>\n<div class=\"page\" title=\"Page 1\">\n<div class=\"layoutArea\">\n<div class=\"column\">\n<p><span>Das Appartement bietet mit zwei Schlafzimmern Platz f\u00fcr vier Personen. Es gibt ein Schlafzimmer mit Doppelbett und ein Schlafzimmer mit modernem Stockbett. Die Wohnung verf\u00fcgt \u00fcber ein stilvoll eingerichteten Wohn \u2013 Esszimmer, eine komplett ausgestattete K\u00fcche und ein privates Bad mit Dusche und WC. Von der Terrasse aus hat man einen traumhaften Blick \u00fcber das sch\u00f6ne Tal und den Atlantik.<\/span><\/p>\n<\/div>\n<\/div>\n<\/div>\n<p>[\/et_pb_blurb][et_pb_text _builder_version=&#8221;4.16&#8243; text_font=&#8221;|||on|||||&#8221; text_font_size=&#8221;16px&#8221; text_letter_spacing=&#8221;2px&#8221; text_line_height=&#8221;3em&#8221; text_orientation=&#8221;center&#8221; custom_margin=&#8221;||-2px|||&#8221; custom_padding=&#8221;28px|||||&#8221; text_font_size_tablet=&#8221;&#8221; text_font_size_phone=&#8221;12px&#8221; text_font_size_last_edited=&#8221;on|phone&#8221; global_colors_info=&#8221;{}&#8221;]<\/p>\n<p>Max. 4 Personen<\/p>\n<p>[\/et_pb_text][et_pb_text _builder_version=&#8221;4.16&#8243; text_font=&#8221;|||on|||||&#8221; text_font_size=&#8221;16px&#8221; text_letter_spacing=&#8221;2px&#8221; text_line_height=&#8221;3em&#8221; text_orientation=&#8221;center&#8221; custom_padding=&#8221;28px|||||&#8221; text_font_size_tablet=&#8221;&#8221; text_font_size_phone=&#8221;12px&#8221; text_font_size_last_edited=&#8221;on|phone&#8221; global_colors_info=&#8221;{}&#8221;]<\/p>\n<p>80\u20ac\/Tag plus eine Endreinigung von einem Tagessatz, zzgl. 7% Mwst.<\/p>\n<p>[\/et_pb_text][\/et_pb_column][\/et_pb_row][\/et_pb_section][et_pb_section fb_built=&#8221;1&#8243; _builder_version=&#8221;4.21.0&#8243; _module_preset=&#8221;default&#8221; custom_margin_tablet=&#8221;100px||100px||false|false&#8221; custom_margin_phone=&#8221;100px||100px||false|false&#8221; custom_margin_last_edited=&#8221;on|tablet&#8221; global_colors_info=&#8221;{}&#8221;][et_pb_row column_structure=&#8221;1_2,1_2&#8243; disabled_on=&#8221;on|on|off&#8221; _builder_version=&#8221;4.21.0&#8243; _module_preset=&#8221;default&#8221; global_colors_info=&#8221;{}&#8221;][et_pb_column type=&#8221;1_2&#8243; _builder_version=&#8221;4.21.0&#8243; _module_preset=&#8221;default&#8221; global_colors_info=&#8221;{}&#8221;][et_pb_image src=&#8221;https:\/\/www.fincaelquinto.de\/wp-content\/uploads\/2021\/04\/DSC01255-scaled.jpg&#8221; title_text=&#8221;DSC01255&#8243; _builder_version=&#8221;4.21.0&#8243; global_colors_info=&#8221;{}&#8221;][\/et_pb_image][\/et_pb_column][et_pb_column type=&#8221;1_2&#8243; _builder_version=&#8221;4.21.0&#8243; _module_preset=&#8221;default&#8221; global_colors_info=&#8221;{}&#8221;][et_pb_image src=&#8221;https:\/\/www.fincaelquinto.de\/wp-content\/uploads\/2021\/04\/DSC01260-scaled.jpg&#8221; title_text=&#8221;DSC01260&#8243; _builder_version=&#8221;4.21.0&#8243; global_colors_info=&#8221;{}&#8221;][\/et_pb_image][\/et_pb_column][\/et_pb_row][et_pb_row column_structure=&#8221;1_2,1_2&#8243; disabled_on=&#8221;off|off|on&#8221; _builder_version=&#8221;4.21.0&#8243; _module_preset=&#8221;default&#8221; scroll_horizontal_motion=&#8221;0|50|50|100|0|0|-4&#8243; global_colors_info=&#8221;{}&#8221;][et_pb_column type=&#8221;1_2&#8243; _builder_version=&#8221;4.21.0&#8243; _module_preset=&#8221;default&#8221; global_colors_info=&#8221;{}&#8221;][et_pb_image src=&#8221;https:\/\/www.fincaelquinto.de\/wp-content\/uploads\/2021\/04\/DSC01255-scaled.jpg&#8221; title_text=&#8221;DSC01255&#8243; _builder_version=&#8221;4.21.0&#8243; scroll_horizontal_motion_enable=&#8221;on&#8221; scroll_horizontal_motion=&#8221;0|50|50|100|0|0|-4&#8243; global_colors_info=&#8221;{}&#8221;][\/et_pb_image][\/et_pb_column][et_pb_column type=&#8221;1_2&#8243; _builder_version=&#8221;4.21.0&#8243; _module_preset=&#8221;default&#8221; global_colors_info=&#8221;{}&#8221;][et_pb_image src=&#8221;https:\/\/www.fincaelquinto.de\/wp-content\/uploads\/2021\/04\/DSC01260-scaled.jpg&#8221; title_text=&#8221;DSC01260&#8243; _builder_version=&#8221;4.21.0&#8243; scroll_horizontal_motion_enable=&#8221;on&#8221; scroll_horizontal_motion=&#8221;0|50|50|100|0|0|4&#8243; global_colors_info=&#8221;{}&#8221;][\/et_pb_image][\/et_pb_column][\/et_pb_row][\/et_pb_section][et_pb_section fb_built=&#8221;1&#8243; _builder_version=&#8221;4.21.0&#8243; _module_preset=&#8221;default&#8221; custom_margin_tablet=&#8221;&#8221; custom_margin_phone=&#8221;||||false|false&#8221; custom_margin_last_edited=&#8221;on|phone&#8221; global_colors_info=&#8221;{}&#8221;][et_pb_row column_structure=&#8221;1_2,1_2&#8243; disabled_on=&#8221;on|on|off&#8221; _builder_version=&#8221;4.21.0&#8243; _module_preset=&#8221;default&#8221; global_colors_info=&#8221;{}&#8221;][et_pb_column type=&#8221;1_2&#8243; _builder_version=&#8221;4.21.0&#8243; _module_preset=&#8221;default&#8221; global_colors_info=&#8221;{}&#8221;][et_pb_blurb title=&#8221;Ausstattung&#8221; _builder_version=&#8221;4.21.0&#8243; header_level=&#8221;h3&#8243; header_font=&#8221;Cormorant Garamond|600|||on|on|||&#8221; header_text_align=&#8221;center&#8221; header_font_size=&#8221;35px&#8221; header_letter_spacing=&#8221;1px&#8221; header_line_height=&#8221;1.5em&#8221; body_font=&#8221;||||||||&#8221; body_font_size=&#8221;17px&#8221; body_letter_spacing=&#8221;2px&#8221; body_line_height=&#8221;1.8em&#8221; custom_padding=&#8221;50px|||||&#8221; header_font_size_tablet=&#8221;&#8221; header_font_size_phone=&#8221;22px&#8221; header_font_size_last_edited=&#8221;on|phone&#8221; body_font_size_tablet=&#8221;&#8221; body_font_size_phone=&#8221;13px&#8221; body_font_size_last_edited=&#8221;on|phone&#8221; global_colors_info=&#8221;{}&#8221;]<\/p>\n<div class=\"page\" title=\"Page 1\">\n<div class=\"layoutArea\">\n<div class=\"column\">\n<div class=\"page\" title=\"Page 1\">\n<div class=\"layoutArea\">\n<div class=\"column\">\n<ul>\n<li>Schlafzimmer mit Doppelbett (140\u00d7200)<\/li>\n<li>Schlafzimmer mit modernem Stockbett<\/li>\n<li>Wohnzimmer mit Sitzbereich<\/li>\n<li>Komplett ausgestattete K\u00fcche mit Essecke<\/li>\n<li>Verschiedene Kaffeemaschinen (French press, Espresso oder Filter)\u00a0<\/li>\n<li>Geschirrt\u00fccher und Lappen<\/li>\n<li>Badezimmer mit Dusche\/WC<\/li>\n<li>Haarf\u00f6hn<\/li>\n<li>Handt\u00fccher und Bettw\u00e4sche<\/li>\n<li>Shampoo, Duschgel, Handseife, Sp\u00fclmittel (biologisch abbaubar)<\/li>\n<li>Satelliten TV<\/li>\n<li>Schnelles und stabiles Wifi<\/li>\n<li>Terrasse mit Blick auf Tal und Atlantik<\/li>\n<li>Staubsauger<\/li>\n<\/ul>\n<\/div>\n<\/div>\n<\/div>\n<\/div>\n<\/div>\n<\/div>\n<p>[\/et_pb_blurb][\/et_pb_column][et_pb_column type=&#8221;1_2&#8243; _builder_version=&#8221;4.21.0&#8243; _module_preset=&#8221;default&#8221; global_colors_info=&#8221;{}&#8221;][et_pb_blurb title=&#8221;Auf Nachfrage&#8221; _builder_version=&#8221;4.21.0&#8243; header_level=&#8221;h3&#8243; header_font=&#8221;Cormorant Garamond|600|||on|on|||&#8221; header_text_align=&#8221;center&#8221; header_font_size=&#8221;35px&#8221; header_letter_spacing=&#8221;1px&#8221; header_line_height=&#8221;1.5em&#8221; body_font=&#8221;||||||||&#8221; body_font_size=&#8221;17px&#8221; body_letter_spacing=&#8221;2px&#8221; body_line_height=&#8221;1.8em&#8221; custom_padding=&#8221;50px|||||&#8221; header_font_size_tablet=&#8221;&#8221; header_font_size_phone=&#8221;22px&#8221; header_font_size_last_edited=&#8221;on|phone&#8221; body_font_size_tablet=&#8221;&#8221; body_font_size_phone=&#8221;13px&#8221; body_font_size_last_edited=&#8221;on|phone&#8221; global_colors_info=&#8221;{}&#8221;]<\/p>\n<div class=\"page\" title=\"Page 1\">\n<div class=\"layoutArea\">\n<div class=\"column\">\n<ul>\n<li>Mixer und Entsafter<\/li>\n<li>Grill<\/li>\n<li>Bluetooth Speaker<\/li>\n<li>Babybett und Hochstuhl<\/li>\n<li>Strandhandt\u00fccher<\/li>\n<li>Strandschirme<\/li>\n<li>Strandspielzeug<\/li>\n<li>Tauchbrillen und Flossen<\/li>\n<li>Kinderspielzeug<\/li>\n<li>B\u00fccher aus unserer Bibliothek<\/li>\n<li>Reise- und Wanderf\u00fchrer<\/li>\n<li>Yogamatten<\/li>\n<\/ul>\n<\/div>\n<\/div>\n<\/div>\n<p>[\/et_pb_blurb][\/et_pb_column][\/et_pb_row][et_pb_row column_structure=&#8221;1_2,1_2&#8243; disabled_on=&#8221;off|off|on&#8221; _builder_version=&#8221;4.21.0&#8243; _module_preset=&#8221;default&#8221; global_colors_info=&#8221;{}&#8221;][et_pb_column type=&#8221;1_2&#8243; _builder_version=&#8221;4.21.0&#8243; _module_preset=&#8221;default&#8221; global_colors_info=&#8221;{}&#8221;][et_pb_blurb title=&#8221;Ausstattung&#8221; _builder_version=&#8221;4.21.0&#8243; header_level=&#8221;h3&#8243; header_font=&#8221;Cormorant Garamond|600|||on|on|||&#8221; header_text_align=&#8221;center&#8221; header_font_size=&#8221;35px&#8221; header_letter_spacing=&#8221;1px&#8221; header_line_height=&#8221;1.5em&#8221; body_font=&#8221;||||||||&#8221; body_font_size=&#8221;17px&#8221; body_letter_spacing=&#8221;2px&#8221; body_line_height=&#8221;1.8em&#8221; custom_padding=&#8221;50px|||||&#8221; scroll_horizontal_motion_enable=&#8221;on&#8221; scroll_horizontal_motion=&#8221;0|50|50|100|0|0|-4&#8243; header_font_size_tablet=&#8221;&#8221; header_font_size_phone=&#8221;22px&#8221; header_font_size_last_edited=&#8221;on|phone&#8221; body_font_size_tablet=&#8221;&#8221; body_font_size_phone=&#8221;13px&#8221; body_font_size_last_edited=&#8221;on|phone&#8221; global_colors_info=&#8221;{}&#8221;]<\/p>\n<ul>\n<li>Schlafzimmer mit Doppelbett (140\u00d7200)<\/li>\n<li>Schlafzimmer mit modernem Stockbett<\/li>\n<li>Wohnzimmer mit Sitzbereich<\/li>\n<li>Komplett ausgestattete K\u00fcche mit Essecke<\/li>\n<li>Verschiedene Kaffeemaschinen (French press, Espresso oder Filter)\u00a0<\/li>\n<li>Geschirrt\u00fccher und Lappen<\/li>\n<li>Badezimmer mit Dusche\/WC<\/li>\n<li>Haarf\u00f6hn<\/li>\n<li>Handt\u00fccher und Bettw\u00e4sche<\/li>\n<li>Shampoo, Duschgel, Handseife, Sp\u00fclmittel (biologisch abbaubar)<\/li>\n<li>Satelliten TV<\/li>\n<li>Schnelles und stabiles Wifi<\/li>\n<li>Terrasse mit Blick auf Tal und Atlantik<\/li>\n<li>Staubsauger<\/li>\n<\/ul>\n<p>[\/et_pb_blurb][\/et_pb_column][et_pb_column type=&#8221;1_2&#8243; _builder_version=&#8221;4.21.0&#8243; _module_preset=&#8221;default&#8221; global_colors_info=&#8221;{}&#8221;][et_pb_blurb title=&#8221;Auf Nachfrage&#8221; _builder_version=&#8221;4.21.0&#8243; _module_preset=&#8221;default&#8221; header_level=&#8221;h3&#8243; header_font=&#8221;Cormorant Garamond|600|||on|on|||&#8221; header_text_align=&#8221;center&#8221; header_font_size=&#8221;34px&#8221; body_font=&#8221;||||||||&#8221; body_font_size=&#8221;17px&#8221; body_letter_spacing=&#8221;2px&#8221; body_line_height=&#8221;1.8em&#8221; custom_padding=&#8221;44px|||||&#8221; scroll_horizontal_motion_enable=&#8221;on&#8221; scroll_horizontal_motion=&#8221;0|50|50|100|0|0|4&#8243; header_font_size_tablet=&#8221;&#8221; header_font_size_phone=&#8221;22px&#8221; header_font_size_last_edited=&#8221;on|phone&#8221; global_module=&#8221;9643&#8243; saved_tabs=&#8221;all&#8221; global_colors_info=&#8221;{}&#8221;]<\/p>\n<ul>\n<li>Mixer und Entsafter<\/li>\n<li>Grill<\/li>\n<li>Bluetooth Speaker<\/li>\n<li>Babybett und Hochstuhl<\/li>\n<li>Strandhandt\u00fccher<\/li>\n<li>Strandschirme<\/li>\n<li>Strandspielzeug<\/li>\n<li>Tauchbrillen und Flossen<\/li>\n<li>Kinderspielzeug<\/li>\n<li>B\u00fccher aus unserer Bibliothek<\/li>\n<li>Reise- und Wanderf\u00fchrer<\/li>\n<li>Yogamatten<\/li>\n<\/ul>\n<p>[\/et_pb_blurb][\/et_pb_column][\/et_pb_row][\/et_pb_section][et_pb_section fb_built=&#8221;1&#8243; _builder_version=&#8221;4.21.0&#8243; _module_preset=&#8221;default&#8221; global_colors_info=&#8221;{}&#8221;][et_pb_row _builder_version=&#8221;4.21.0&#8243; _module_preset=&#8221;default&#8221; width=&#8221;95%&#8221; custom_margin_tablet=&#8221;100px||100px||false|false&#8221; custom_margin_phone=&#8221;100px||||false|false&#8221; custom_margin_last_edited=&#8221;on|tablet&#8221; global_colors_info=&#8221;{}&#8221;][et_pb_column type=&#8221;4_4&#8243; _builder_version=&#8221;4.21.0&#8243; _module_preset=&#8221;default&#8221; global_colors_info=&#8221;{}&#8221;][et_pb_gallery gallery_ids=&#8221;7834,7818,7826,7822,7854,7858,7838,7842&#8243; fullwidth=&#8221;on&#8221; _builder_version=&#8221;4.21.0&#8243; width=&#8221;50%&#8221; width_tablet=&#8221;&#8221; width_phone=&#8221;100%&#8221; width_last_edited=&#8221;on|phone&#8221; max_width=&#8221;100%&#8221; module_alignment=&#8221;center&#8221; global_colors_info=&#8221;{}&#8221;][\/et_pb_gallery][\/et_pb_column][\/et_pb_row][\/et_pb_section][et_pb_section fb_built=&#8221;1&#8243; _builder_version=&#8221;4.21.0&#8243; _module_preset=&#8221;default&#8221; global_colors_info=&#8221;{}&#8221;][et_pb_row column_structure=&#8221;1_3,1_3,1_3&#8243; _builder_version=&#8221;4.16&#8243; custom_padding=&#8221;25.6px|0px|0px|0px&#8221; global_colors_info=&#8221;{}&#8221;][et_pb_column type=&#8221;1_3&#8243; _builder_version=&#8221;4.16&#8243; custom_padding=&#8221;|||&#8221; global_colors_info=&#8221;{}&#8221; custom_padding__hover=&#8221;|||&#8221;][et_pb_blurb title=&#8221;Kontakt&#8221; _builder_version=&#8221;4.21.0&#8243; _module_preset=&#8221;default&#8221; header_level=&#8221;h1&#8243; header_font=&#8221;Cormorant Garamond|||on|||||&#8221; header_text_color=&#8221;#DAC3A9&#8243; body_font=&#8221;Cormorant Garamond||||||||&#8221; body_text_color=&#8221;#000000&#8243; body_font_size=&#8221;17px&#8221; body_line_height=&#8221;0.5em&#8221; header_font_size_tablet=&#8221;&#8221; header_font_size_phone=&#8221;20px&#8221; header_font_size_last_edited=&#8221;on|phone&#8221; body_font_size_tablet=&#8221;17px&#8221; body_font_size_phone=&#8221;15px&#8221; body_font_size_last_edited=&#8221;on|phone&#8221; global_colors_info=&#8221;{}&#8221;]<\/p>\n<p>Caserio Los Quintos 37<\/p>\n<p>38416 Los Realejos<\/p>\n<p>S\/C de Tenerife<\/p>\n<p>Spain<\/p>\n<p>[\/et_pb_blurb][\/et_pb_column][et_pb_column type=&#8221;1_3&#8243; _builder_version=&#8221;4.21.0&#8243; _module_preset=&#8221;default&#8221; global_colors_info=&#8221;{}&#8221;][et_pb_blurb title=&#8221;Buchungen &#038; Anfragen&#8221; _builder_version=&#8221;4.21.0&#8243; _module_preset=&#8221;default&#8221; header_level=&#8221;h1&#8243; header_font=&#8221;Cormorant Garamond|||on|||||&#8221; header_text_color=&#8221;#DAC3A9&#8243; body_font=&#8221;Cormorant Garamond||||||||&#8221; body_text_color=&#8221;#000000&#8243; body_font_size=&#8221;17px&#8221; body_line_height=&#8221;0.5em&#8221; custom_padding=&#8221;||0px|||&#8221; header_font_size_tablet=&#8221;&#8221; header_font_size_phone=&#8221;20px&#8221; header_font_size_last_edited=&#8221;on|phone&#8221; body_font_size_tablet=&#8221;17px&#8221; body_font_size_phone=&#8221;15px&#8221; body_font_size_last_edited=&#8221;on|phone&#8221; global_colors_info=&#8221;{}&#8221;]<\/p>\n<p><span style=\"color: #000000;\">i<a href=\"mailto:nfo@elquinto.co.uk\" style=\"color: #000000;\">nfo@elquinto.co.uk<\/a>\u00a0<\/span><span style=\"color: #000000;\"><\/span><\/p>\n<p><span style=\"color: #000000;\">(+34) 922345002<\/span><\/p>\n<p><a href=\"https:\/\/www.fincaelquinto.de\/wp-content\/uploads\/2021\/03\/Allgemeine-Gesch\u00e4ftsbedingungen.pdf\"><span style=\"color: #000000;\">AGB<\/span><\/a><span style=\"color: #000000;\"><\/span><span style=\"color: #000000;\"><\/span><\/p>\n<p><span style=\"color: #000000;\"><\/span><\/p>\n<p>&nbsp;<\/p>\n<p>[\/et_pb_blurb][\/et_pb_column][et_pb_column type=&#8221;1_3&#8243; _builder_version=&#8221;4.16&#8243; custom_padding=&#8221;|||&#8221; global_colors_info=&#8221;{}&#8221; custom_padding__hover=&#8221;|||&#8221;][et_pb_blurb title=&#8221;Social Media&#8221; _builder_version=&#8221;4.21.0&#8243; _module_preset=&#8221;default&#8221; header_level=&#8221;h1&#8243; header_font=&#8221;Cormorant Garamond|||on|||||&#8221; header_text_color=&#8221;#DAC3A9&#8243; body_font=&#8221;Cormorant Garamond||||||||&#8221; body_text_color=&#8221;#000000&#8243; body_font_size=&#8221;17px&#8221; body_line_height=&#8221;0.5em&#8221; custom_padding=&#8221;||0px|||&#8221; header_font_size_tablet=&#8221;&#8221; header_font_size_phone=&#8221;20px&#8221; header_font_size_last_edited=&#8221;on|phone&#8221; global_colors_info=&#8221;{}&#8221;][\/et_pb_blurb][et_pb_social_media_follow _builder_version=&#8221;4.21.0&#8243; text_orientation=&#8221;left&#8221; max_width=&#8221;98%&#8221; max_width_tablet=&#8221;&#8221; max_width_phone=&#8221;100%&#8221; max_width_last_edited=&#8221;on|tablet&#8221; module_alignment=&#8221;center&#8221; text_orientation_tablet=&#8221;center&#8221; text_orientation_phone=&#8221;left&#8221; text_orientation_last_edited=&#8221;on|phone&#8221; border_radii=&#8221;on|100%|100%|100%|100%&#8221; link_shape=&#8221;circle&#8221; global_colors_info=&#8221;{}&#8221;][et_pb_social_media_follow_network social_network=&#8221;facebook&#8221; url=&#8221;https:\/\/www.facebook.com\/FincaElQuinto\/&#8221; _builder_version=&#8221;4.16&#8243; background_color=&#8221;#494949&#8243; bg_color=&#8221;#494949&#8243; global_colors_info=&#8221;{}&#8221; follow_button=&#8221;off&#8221; url_new_window=&#8221;on&#8221;]facebook[\/et_pb_social_media_follow_network][et_pb_social_media_follow_network social_network=&#8221;instagram&#8221; url=&#8221;https:\/\/www.instagram.com\/fincaelquinto\/&#8221; _builder_version=&#8221;4.16&#8243; background_color=&#8221;#4f4f4f&#8221; bg_color=&#8221;#4f4f4f&#8221; global_colors_info=&#8221;{}&#8221; follow_button=&#8221;off&#8221; url_new_window=&#8221;on&#8221;]instagram[\/et_pb_social_media_follow_network][\/et_pb_social_media_follow][\/et_pb_column][\/et_pb_row][\/et_pb_section][et_pb_section fb_built=&#8221;1&#8243; fullwidth=&#8221;on&#8221; _builder_version=&#8221;4.16&#8243; background_color=&#8221;#000000&#8243; custom_padding=&#8221;0px|0px|0px|0px&#8221; global_colors_info=&#8221;{}&#8221;][et_pb_fullwidth_header _builder_version=&#8221;4.16&#8243; title_font=&#8221;||||||||&#8221; title_text_align=&#8221;left&#8221; content_font=&#8221;Cardo||||||||&#8221; content_text_align=&#8221;center&#8221; content_text_color=&#8221;#ffffff&#8221; background_color=&#8221;rgba(255,255,255,0)&#8221; use_background_color_gradient=&#8221;on&#8221; background_color_gradient_stops=&#8221;rgba(0,0,0,0.9) 0%|#000000 100%&#8221; background_color_gradient_start=&#8221;rgba(0,0,0,0.9)&#8221; background_color_gradient_end=&#8221;#000000&#8243; background_layout=&#8221;light&#8221; content_font_size_tablet=&#8221;9px&#8221; content_font_size_phone=&#8221;9px&#8221; content_font_size_last_edited=&#8221;on|tablet&#8221; global_colors_info=&#8221;{}&#8221; button_one_text_size__hover_enabled=&#8221;off&#8221; button_two_text_size__hover_enabled=&#8221;off&#8221; button_one_text_color__hover_enabled=&#8221;off&#8221; button_two_text_color__hover_enabled=&#8221;off&#8221; button_one_border_width__hover_enabled=&#8221;off&#8221; button_two_border_width__hover_enabled=&#8221;off&#8221; button_one_border_color__hover_enabled=&#8221;off&#8221; button_two_border_color__hover_enabled=&#8221;off&#8221; button_one_border_radius__hover_enabled=&#8221;off&#8221; button_two_border_radius__hover_enabled=&#8221;off&#8221; button_one_letter_spacing__hover_enabled=&#8221;off&#8221; button_two_letter_spacing__hover_enabled=&#8221;off&#8221; button_one_bg_color__hover_enabled=&#8221;off&#8221; button_two_bg_color__hover_enabled=&#8221;off&#8221;]<\/p>\n<p>\u00a9 2024 Finca el Quinto All Rights Reserved.<\/p>\n<p style=\"text-align: center;\">\n<p style=\"text-align: center;\">Caserio los Quintos 37, 38410 Los Realejos<\/p>\n<p style=\"text-align: center;\">S\/C de Tenerife<\/p>\n<p style=\"text-align: center;\">Islas Canarias<\/p>\n<p style=\"text-align: center;\">\n<p style=\"text-align: center;\">0034922345002<\/p>\n<p style=\"text-align: center;\">info@elquinto.co.uk<\/p>\n<p>[\/et_pb_fullwidth_header][\/et_pb_section]<\/p>\n","protected":false},"excerpt":{"rendered":"<p>Das Appartement bietet mit zwei Schlafzimmern Platz f\u00fcr vier Personen. Es gibt ein Schlafzimmer mit Doppelbett und ein Schlafzimmer mit modernem Stockbett. Die Wohnung verf\u00fcgt \u00fcber ein stilvoll eingerichteten Wohn \u2013 Esszimmer, eine komplett ausgestattete K\u00fcche und ein privates Bad mit Dusche und WC. Von der Terrasse aus hat man einen traumhaften Blick \u00fcber das [&hellip;]<\/p>\n","protected":false},"author":1,"featured_media":0,"parent":0,"menu_order":0,"comment_status":"closed","ping_status":"closed","template":"page-template-blank.php","meta":{"_et_pb_use_builder":"on","_et_pb_old_content":"","_et_gb_content_width":"","footnotes":""},"class_list":["post-8820","page","type-page","status-publish","hentry"],"_links":{"self":[{"href":"https:\/\/www.fincaelquinto.de\/en\/wp-json\/wp\/v2\/pages\/8820","targetHints":{"allow":["GET"]}}],"collection":[{"href":"https:\/\/www.fincaelquinto.de\/en\/wp-json\/wp\/v2\/pages"}],"about":[{"href":"https:\/\/www.fincaelquinto.de\/en\/wp-json\/wp\/v2\/types\/page"}],"author":[{"embeddable":true,"href":"https:\/\/www.fincaelquinto.de\/en\/wp-json\/wp\/v2\/users\/1"}],"replies":[{"embeddable":true,"href":"https:\/\/www.fincaelquinto.de\/en\/wp-json\/wp\/v2\/comments?post=8820"}],"version-history":[{"count":18,"href":"https:\/\/www.fincaelquinto.de\/en\/wp-json\/wp\/v2\/pages\/8820\/revisions"}],"predecessor-version":[{"id":11216,"href":"https:\/\/www.fincaelquinto.de\/en\/wp-json\/wp\/v2\/pages\/8820\/revisions\/11216"}],"wp:attachment":[{"href":"https:\/\/www.fincaelquinto.de\/en\/wp-json\/wp\/v2\/media?parent=8820"}],"curies":[{"name":"wp","href":"https:\/\/api.w.org\/{rel}","templated":true}]}}